{"id":112,"date":"2019-08-26T21:48:42","date_gmt":"2019-08-26T19:48:42","guid":{"rendered":"http:\/\/canetaccueil.com\/?page_id=112"},"modified":"2024-10-14T19:21:02","modified_gmt":"2024-10-14T17:21:02","slug":"activites-artistiques","status":"publish","type":"page","link":"https:\/\/canetaccueil.com\/index.php\/activites\/activites-artistiques\/","title":{"rendered":"Activit\u00e9s artistiques"},"content":{"rendered":"\n<figure class=\"wp-block-table is-style-regular\"><table><tbody><tr><td><strong><a href=\"https:\/\/canetaccueil.com\/index.php\/activites\/activites-artistiques\/aquarelle\/\">AQUARELLE<\/a><\/strong><br>Les mardis de 14h \u00e0 17h<\/td><\/tr><tr><td><a href=\"https:\/\/canetaccueil.com\/index.php\/activites\/activites-artistiques\/art-du-verre\"><strong>ART DU VERRE<\/strong><\/a><br>Les mardis et jeudis de 14h \u00e0 17h30<\/td><\/tr><tr><td><strong><a href=\"https:\/\/canetaccueil.com\/index.php\/activites\/activites-artistiques\/calligraphie\/\">CALLIGRAPHIE<\/a><\/strong><br>  <\/td><\/tr><tr><td><a href=\"https:\/\/canetaccueil.com\/index.php\/activites\/activites-artistiques\/atelier-couture-canet-en-roussillon\"><strong>DE FILS EN AIGUILLES<\/strong><\/a><br>Les mardis de 14h \u00e0 17h30<\/td><\/tr><\/tbody><\/table><\/figure>\n","protected":false},"excerpt":{"rendered":"<p>AQUARELLELes mardis de 14h \u00e0 17h ART DU VERRELes mardis et jeudis de 14h \u00e0 17h30 CALLIGRAPHIE DE FILS EN AIGUILLESLes mardis de 14h \u00e0 17h30<\/p>\n","protected":false},"author":31,"featured_media":0,"parent":1126,"menu_order":0,"comment_status":"closed","ping_status":"closed","template":"","meta":{"footnotes":""},"class_list":["post-112","page","type-page","status-publish","hentry"],"_links":{"self":[{"href":"https:\/\/canetaccueil.com\/index.php\/wp-json\/wp\/v2\/pages\/112","targetHints":{"allow":["GET"]}}],"collection":[{"href":"https:\/\/canetaccueil.com\/index.php\/wp-json\/wp\/v2\/pages"}],"about":[{"href":"https:\/\/canetaccueil.com\/index.php\/wp-json\/wp\/v2\/types\/page"}],"author":[{"embeddable":true,"href":"https:\/\/canetaccueil.com\/index.php\/wp-json\/wp\/v2\/users\/31"}],"replies":[{"embeddable":true,"href":"https:\/\/canetaccueil.com\/index.php\/wp-json\/wp\/v2\/comments?post=112"}],"version-history":[{"count":7,"href":"https:\/\/canetaccueil.com\/index.php\/wp-json\/wp\/v2\/pages\/112\/revisions"}],"predecessor-version":[{"id":8993,"href":"https:\/\/canetaccueil.com\/index.php\/wp-json\/wp\/v2\/pages\/112\/revisions\/8993"}],"up":[{"embeddable":true,"href":"https:\/\/canetaccueil.com\/index.php\/wp-json\/wp\/v2\/pages\/1126"}],"wp:attachment":[{"href":"https:\/\/canetaccueil.com\/index.php\/wp-json\/wp\/v2\/media?parent=112"}],"curies":[{"name":"wp","href":"https:\/\/api.w.org\/{rel}","templated":true}]}}