{"id":1254,"date":"2022-05-16T16:35:55","date_gmt":"2022-05-16T14:35:55","guid":{"rendered":"http:\/\/canetaccueil.com\/?page_id=1254"},"modified":"2026-03-26T06:33:27","modified_gmt":"2026-03-26T05:33:27","slug":"longe-cote-et-marche-aquatique","status":"publish","type":"page","link":"https:\/\/canetaccueil.com\/index.php\/longe-cote-et-marche-aquatique\/","title":{"rendered":"Longe c\u00f4te et marche aquatique c\u00f4ti\u00e8re (MAC)"},"content":{"rendered":"\n<p><em><strong>Responsable<\/strong>: Maurice ADOUE \u2013 T\u00e9l: 06 76 04 82 76<\/em><\/p>\n\n\n\n<p><em>LE MATIN TOUTE L\u2019ANNEE, LES LUNDIS, MERCREDIS, SAMEDIS,<\/em><br>L&#8217;automne, l&#8217;hiver et au printemps, RV<em> 9h parking<\/em> <em>du <strong>Port<\/strong> sortie en mer \u00e0 9 h 15 sous r\u00e9serve des conditions <\/em>m\u00e9t\u00e9orologiques.<br><em>(Voir message d\u2019avis de sortie sur internet \u201c <a href=\"https:\/\/canetaccueil.com\/index.php\/longe-cote-et-marche-aquatique\/meteo\/\">m\u00e9t\u00e9o Canet Accueil<\/a> \u201c et sur le whatsApp du club<\/em>.<em> L&#8217;\u00e9t\u00e9 les sorties ont lieu<\/em> s<em>ur le parking Canet Sud N<\/em>a<em>ud<\/em>o<em> \u00e0 8h45.<\/em><\/p>\n\n\n\n<p><em><strong>Certificat m\u00e9dical \u00e0 la premi\u00e8re inscription valable 3 ans, licence FFRP obligatoire<\/strong><\/em>, <em>respect du R\u00e8glement Int\u00e9rieur<\/em><\/p>\n\n\n\n<figure class=\"wp-block-image\"><img decoding=\"async\" src=\"blob:https:\/\/canetaccueil.com\/cd1910b4-4673-4525-a61b-eef0ffbe1006\" alt=\"\"\/><\/figure>\n\n\n<div class=\"wp-block-image\">\n<figure class=\"aligncenter is-resized\"><img loading=\"lazy\" decoding=\"async\" width=\"996\" height=\"287\" src=\"https:\/\/canetaccueil.com\/wp-content\/uploads\/2022\/05\/220515_190319-1.jpg\" alt=\"\" class=\"wp-image-1363\" style=\"aspect-ratio:3.470383275261324;width:856px;height:auto\" srcset=\"https:\/\/canetaccueil.com\/wp-content\/uploads\/2022\/05\/220515_190319-1.jpg 996w, https:\/\/canetaccueil.com\/wp-content\/uploads\/2022\/05\/220515_190319-1-300x86.jpg 300w, https:\/\/canetaccueil.com\/wp-content\/uploads\/2022\/05\/220515_190319-1-768x221.jpg 768w\" sizes=\"auto, (max-width: 996px) 100vw, 996px\" \/><\/figure>\n<\/div>\n\n\n<p class=\"has-text-align-center has-black-color has-vivid-cyan-blue-background-color has-text-color has-background has-large-font-size\"><strong>S\u00e9jour ROSAS<\/strong><br>du vendredi 29 au dimanche 31\/05\/26<br><a rel=\"noreferrer noopener\" href=\"https:\/\/canetaccueil.com\/wp-content\/uploads\/2026\/01\/Annexe-12-Rosas-2026-notice-info-prealable-Or-V1.pdf\" target=\"_blank\">&#8211; Notice information<\/a><br><a rel=\"noreferrer noopener\" href=\"https:\/\/canetaccueil.com\/wp-content\/uploads\/2026\/01\/Annexe-13-Rosas-2026-bulletin-inscription-Or-OK.pdf\" target=\"_blank\">\u2013 Bulletin Individuel d\u2019Inscription<\/a><br><a rel=\"noreferrer noopener\" href=\"https:\/\/canetaccueil.com\/wp-content\/uploads\/2026\/01\/Annexe-11-Rosas-Souscr.-assurances-V1.pdf\" target=\"_blank\">\u2013 Assurances Optionnelles<\/a><\/p>\n\n\n\n<h2 class=\"wp-block-heading has-text-align-center has-light-green-cyan-background-color has-background\"><strong>DOCUMENTS INSCRIPTION<\/strong> <br><strong>Saison 2025 <\/strong>&#8211; <strong>2026<\/strong><\/h2>\n\n\n<\/p>\n<h1 style=\"text-align: center;\"><span style=\"color: #ff0000;\"><span style=\"color: #3366ff;\">&#8211;<\/span> <\/span><span style=\"color: #3366ff;\"><a style=\"color: #3366ff;\" href=\"https:\/\/canetaccueil.com\/wp-content\/uploads\/2025\/07\/FICHE-INSCRIPTION-CANET-ACCUEIL-2025-2026-format-A4.pdf\" target=\"_blank\" rel=\"noopener\">Fiche Inscription Canet Accueil 2025\/2026<\/a><\/span><br \/><span style=\"color: #3366ff;\">&#8211; <a style=\"color: #3366ff;\" href=\"https:\/\/canetaccueil.com\/wp-content\/uploads\/2025\/08\/Bulletin-Inscription-FFR-2025-2026-V1-1.pdf\">Bulletin Inscription FFRandonn\u00e9e 2025\/2026<\/a><\/span><br \/><span style=\"color: #3366ff;\">&#8211; <a style=\"color: #3366ff;\" href=\"https:\/\/canetaccueil.com\/wp-content\/uploads\/2024\/07\/QUESTIONNAIRE-DE-SANTE-QS-%E2%80%93-SPORT-1.pdf\" target=\"_blank\" rel=\"noopener\">Questionnaire Sant\u00e9<\/a><\/span><br \/><span style=\"color: #3366ff;\">&#8211; <a style=\"color: #3366ff;\" href=\"https:\/\/canetaccueil.com\/wp-content\/uploads\/2024\/07\/Attestation-Questionnaire-Sante-.pdf\" target=\"_blank\" rel=\"noopener\">Attestation Renouvellement Licence<\/a><\/span><br \/><span style=\"color: #3366ff;\">&#8211; <a style=\"color: #3366ff;\" href=\"https:\/\/canetaccueil.com\/wp-content\/uploads\/2025\/08\/REGLEMENT-INTERIEUR-Longe-Cote-26-Mai-2025.pdf\" target=\"_blank\" rel=\"noopener\">R\u00e8glement Int\u00e9rieur Longe C\u00f4te<\/a><\/span><\/h1>\n\n\n<hr class=\"wp-block-separator has-alpha-channel-opacity\"\/>\n\n\n\n<div class=\"wp-block-group\"><div class=\"wp-block-group__inner-container is-layout-constrained wp-block-group-is-layout-constrained\">\n<h2><em><span style=\"color: #800080;\"><strong>\u00a0Groupes toniques :<\/strong><\/span><\/em><\/h2>\n<p><span style=\"color: #ff00ff;\"><span style=\"color: #800000;\"><strong>Dominique GIRAUD-L&#8217;HERBAULT : 06 22 22 74 05\u00a0 \u00a0<\/strong><\/span><\/span><\/p>\n<p><span style=\"color: #ff00ff;\"><span style=\"color: #800000;\"><strong>Eric LEBRAT : 06 60 55 76 09<\/strong><\/span><\/span><\/p>\n<p><span style=\"color: #ff00ff;\"><span style=\"color: #800000;\"><strong>\u00a0GRO<em>UPES LOISIRS<\/em>\u00a0: Maurice ADOUE\u00a0 \u00a006 76 04 82 76\u00a0\u00a0<\/strong><\/span><\/span><\/p>\n<p><span style=\"color: #0000ff;\"><strong><span style=\"font-size: revert; text-indent: 0em;\">Le longe cote est une activit\u00e9 pratiqu\u00e9e tout l&#8217;ann\u00e9e, accessible \u00e0 tous, salutaire au bien-\u00eatre et \u00e0 la sant\u00e9. C&#8217;est un moment privil\u00e9gi\u00e9 aux effets relaxants de l&#8217;eau sur le corps tout en tonifiant les muscles. Notre activit\u00e9 permet un renforcement musculaire et cardiovasculaire sans traumatisme articulaire, favorise la circulation sanguine et am\u00e9liore l&#8217;\u00e9quilibre et l&#8217;endurance en gainant le corps. La marche aquatique pratiqu\u00e9e au-del\u00e0 de 30 minutes stimule la s\u00e9cr\u00e9tion d&#8217;hormones (endorphines, dopamine, s\u00e9rotonine).\u00a0<\/span><\/strong><\/span><\/p>\n<p><strong>5 ANIMATEURS DIPLOMES D&#8217;UN BREVET FEDERAL\u00a0 et d&#8217;un PSC.<span style=\"color: #0000ff;\"> L&#8217;animateur anime, conseille et encadre un groupe de 20 longeurs. Il est aid\u00e9 par l&#8217;assistant <em>plac\u00e9 sous ses ordres<\/em>. L&#8217;animateur est \u00e9quip\u00e9 d&#8217;une bou\u00e9e de sauvetage, d&#8217;un t\u00e9l\u00e9phone, d&#8217;un sifflet obligatoires. L&#8217;animateur a la responsabilit\u00e9 de sa propre longe.\u00a0<\/span><\/strong><\/p>\n<p><strong>\u00a0<span style=\"color: #800000;\">Animateurs : Maurice ADOUE, <\/span><\/strong><span style=\"color: #800000;\"><strong>Dominique GIRAUD &#8211; L&#8217;HERBAULT, Eric LEBRAT, Martial LEFEVRE, Marc LANDE. <\/strong><\/span><\/p>\n<p><span style=\"color: #800000;\"><strong>Le Directeur de sortie est responsable de la sortie du club \u00e0 chaque sortie. C&#8217;est lui qui donne la m\u00e9t\u00e9o sur le WhatsApp du club et sur ce site, il a la responsabilit\u00e9 de la feuille de sortie o\u00f9\u00a0 il doit consigner les \u00e9v\u00e8nements survenus pendant la sortie, il v\u00e9rifie les longes. Il a l&#8217;autorit\u00e9 de la sortie, il peut demander \u00e0 un assistant d&#8217;\u00eatre longeur si celui-ci n&#8217;a pas son sifflet, il peut d\u00e9cider qu&#8217;un longeur ne rentre pas dans l&#8217;eau s&#8217;il consid\u00e8re qu&#8217;il est mal chauss\u00e9 : chaussons en n\u00e9opr\u00e8ne obligatoires ou tennis avec semelle crant\u00e9e.<\/strong><\/span><\/p>\n<p><strong><span style=\"color: #0000ff;\">12 ASSISTANTS d\u00e9tenteurs du dipl\u00f4me PSC.<\/span><span style=\"color: #0000ff;\"> L&#8217;assistant aide l&#8217;animateur et est plac\u00e9 sous sa propre responsabilit\u00e9. Il est positionn\u00e9 \u00e0 l&#8217;avant de la longe. Il ne peut encadrer seul. Il a<\/span> <span style=\"color: #0000ff;\">pour mission de signaler \u00e0 l&#8217;animateur toute situation g\u00eanant la progression d&#8217;un participant ou du groupe ( ex : crampe, malaise, perte<\/span> <span style=\"color: #0000ff;\">d&#8217;appui, noyade, l&#8217;assistant fait sortir de l&#8217;eau un longeur \u00e0 sa demande apr\u00e8s en avoir averti son animateur, il ne longe jamais seul avec les longeurs, etc&#8230; ) . Il doit assumer la responsabilit\u00e9 du groupe en cas d&#8217;incident, c&#8217;est \u00e0 dire il fait sortir les longeurs de l&#8217;eau si l&#8217;animateur le lui demande. L&#8217;assistant dispo<\/span><span style=\"color: #0000ff;\">se <\/span><span style=\"color: #0000ff;\">obligatoireme<\/span><span style=\"color: #0000ff;\">n<\/span><span style=\"color: #0000ff;\">t \u00e0 chaque sortie d&#8217;un sifflet afin de pouvoir communiquer avec son animateur s&#8217;il a besoin de signaler une situation particuli\u00e8re. L&#8217;assistant doit obligatoirement savoir nager.<\/span><\/strong><\/p>\n<p><span style=\"color: #0000ff;\"><strong>L&#8217;animateur et l&#8217;assistant doivent porter une tenue sp\u00e9cifique rose afin d&#8217;\u00eatre plus facilement rep\u00e9r\u00e9s par les participants qui eux sont en bleu.<\/strong><\/span><\/p>\n<p><strong><span style=\"color: #800000;\">Assistants : Marie-Pierre BOIRON, Laurent BOIRON, Brigitte CAMPOS, Emilia DOMONT, Martine LAMARD, Evelyne LAMY, Martine<\/span><\/strong> <strong><span style=\"color: #800000;\">MORGAND, Anne-Marie RIBOT, Martine ROMERO, Sabine TRIBOULAT, Daniel ANGLADE, Isabelle BIGNON<\/span><\/strong><\/p>\n<\/div><\/div>\n\n\n\n<hr class=\"wp-block-separator has-css-opacity\"\/>\n","protected":false},"excerpt":{"rendered":"<p>Responsable: Maurice ADOUE \u2013 T\u00e9l: 06 76 04 82 76 LE MATIN TOUTE L\u2019ANNEE, LES LUNDIS, MERCREDIS, SAMEDIS,L&#8217;automne, l&#8217;hiver et au printemps, RV 9h parking du Port sortie en mer \u00e0 9 h 15&#46;&#46;&#46;<\/p>\n","protected":false},"author":31,"featured_media":0,"parent":0,"menu_order":0,"comment_status":"closed","ping_status":"closed","template":"","meta":{"footnotes":""},"class_list":["post-1254","page","type-page","status-publish","hentry"],"_links":{"self":[{"href":"https:\/\/canetaccueil.com\/index.php\/wp-json\/wp\/v2\/pages\/1254","targetHints":{"allow":["GET"]}}],"collection":[{"href":"https:\/\/canetaccueil.com\/index.php\/wp-json\/wp\/v2\/pages"}],"about":[{"href":"https:\/\/canetaccueil.com\/index.php\/wp-json\/wp\/v2\/types\/page"}],"author":[{"embeddable":true,"href":"https:\/\/canetaccueil.com\/index.php\/wp-json\/wp\/v2\/users\/31"}],"replies":[{"embeddable":true,"href":"https:\/\/canetaccueil.com\/index.php\/wp-json\/wp\/v2\/comments?post=1254"}],"version-history":[{"count":680,"href":"https:\/\/canetaccueil.com\/index.php\/wp-json\/wp\/v2\/pages\/1254\/revisions"}],"predecessor-version":[{"id":11193,"href":"https:\/\/canetaccueil.com\/index.php\/wp-json\/wp\/v2\/pages\/1254\/revisions\/11193"}],"wp:attachment":[{"href":"https:\/\/canetaccueil.com\/index.php\/wp-json\/wp\/v2\/media?parent=1254"}],"curies":[{"name":"wp","href":"https:\/\/api.w.org\/{rel}","templated":true}]}}