{"id":1264,"date":"2022-05-16T21:52:02","date_gmt":"2022-05-16T19:52:02","guid":{"rendered":"http:\/\/canetaccueil.com\/?page_id=1264"},"modified":"2026-04-27T12:20:11","modified_gmt":"2026-04-27T10:20:11","slug":"programme-rando-et-marche","status":"publish","type":"page","link":"https:\/\/canetaccueil.com\/index.php\/rando-marche-marche-nordique\/programme-rando-et-marche\/","title":{"rendered":"Programme Rando et Marche"},"content":{"rendered":"\n<h2 class=\"wp-block-heading\"> <br><strong>PROGRAMMES  2i\u00e8me <\/strong> <strong>TRIMESTRE 2026 <\/strong><\/h2>\n\n\n\n<h2 class=\"wp-block-heading\">MARDI, JEUDI 1\/2 JOURN\u00c9E<\/h2>\n\n\n\n<p>\u00c9dit\u00e9 le 01\/04\/2026<\/p>\n\n\n\n<div class=\"wp-block-buttons is-layout-flex wp-block-buttons-is-layout-flex\">\n<div class=\"wp-block-button\"><a class=\"wp-block-button__link has-light-green-cyan-to-vivid-green-cyan-gradient-background has-background wp-element-button\" href=\"https:\/\/canetaccueil.com\/wp-content\/uploads\/2026\/04\/Mardi-apres-midi-Jeudi-matin-2ieme-trim-2026.pdf\" target=\"_blank\" rel=\"noreferrer noopener\">Randos 1\/2  jour Mardi, Jeudi 2\u00b0 trimestre 2026<\/a><\/div>\n\n\n<\/div>\n\n\n\n<h2 class=\"wp-block-heading\">JEUDI&nbsp;JOURN\u00c9E <\/h2>\n\n\n\n<p>  \u00c9dit\u00e9 le 01\/04\/2026 <\/p>\n\n\n\n<div class=\"wp-block-buttons is-layout-flex wp-block-buttons-is-layout-flex\">\n<div class=\"wp-block-button\"><a class=\"wp-block-button__link has-luminous-vivid-orange-to-vivid-red-gradient-background has-background wp-element-button\" href=\"https:\/\/canetaccueil.com\/wp-content\/uploads\/2026\/04\/Jeudi-journee-2ieme-trimestre-2026-V1.pdf\" target=\"_blank\" rel=\"noreferrer noopener\">Randos Jeudi journ\u00e9e 2\u00b0 trimestre 2026<\/a><\/div>\n<\/div>\n\n\n\n<h2 class=\"wp-block-heading\">MARDI&nbsp;JOURN\u00c9E<\/h2>\n\n\n\n<p>\u00c9dit\u00e9 le 27\/04\/2026<\/p>\n\n\n\n<div class=\"wp-block-buttons is-layout-flex wp-block-buttons-is-layout-flex\">\n<div class=\"wp-block-button\"><a class=\"wp-block-button__link has-vivid-cyan-blue-to-vivid-purple-gradient-background has-background wp-element-button\" href=\"https:\/\/canetaccueil.com\/wp-content\/uploads\/2026\/04\/Mardi-jour-2ieme-trimestre-2026-V3.pdf\" target=\"_blank\" rel=\"noreferrer noopener\">Randos Mardi Journ\u00e9e 2\u00b0 trimestre 2026<\/a><\/div>\n<\/div>\n\n\n\n<h2 class=\"wp-block-heading\">MARDI ou MERCREDI MATIN RANDO SANT\u00c9\u00ae&nbsp;<\/h2>\n\n\n\n<p>\u00c9dit\u00e9 le 30\/03\/2026<\/p>\n\n\n\n<div class=\"wp-block-buttons is-layout-flex wp-block-buttons-is-layout-flex\">\n<div class=\"wp-block-button\"><a class=\"wp-block-button__link has-luminous-vivid-orange-to-vivid-red-gradient-background has-background wp-element-button\" href=\"https:\/\/canetaccueil.com\/wp-content\/uploads\/2026\/03\/Rando-Sante-2ieme-trimestre-2026.pdf\" target=\"_blank\" rel=\"noreferrer noopener\">Rando Sant\u00e9 2\u00b0 trimestre 2026<\/a><\/div>\n<\/div>\n\n\n\n<h2 class=\"wp-block-heading\"> MERCREDI MARCHE<\/h2>\n\n\n\n<p>\u00c9dit\u00e9 le 23\/04\/2026<\/p>\n\n\n\n<div class=\"wp-block-buttons is-layout-flex wp-block-buttons-is-layout-flex\">\n<div class=\"wp-block-button is-style-fill\"><a class=\"wp-block-button__link has-blush-bordeaux-gradient-background has-background wp-element-button\" href=\"https:\/\/canetaccueil.com\/wp-content\/uploads\/2026\/04\/Mercredi-Marche-2eme-trim-2026-V1.pdf\" target=\"_blank\" rel=\"noreferrer noopener\">Marche Mercredi 2\u00b0 trimestre 2026<\/a><\/div>\n<\/div>\n","protected":false},"excerpt":{"rendered":"<p>PROGRAMMES 2i\u00e8me TRIMESTRE 2026 MARDI, JEUDI 1\/2 JOURN\u00c9E \u00c9dit\u00e9 le 01\/04\/2026 JEUDI&nbsp;JOURN\u00c9E \u00c9dit\u00e9 le 01\/04\/2026 MARDI&nbsp;JOURN\u00c9E \u00c9dit\u00e9 le 27\/04\/2026 MARDI ou MERCREDI MATIN RANDO SANT\u00c9\u00ae&nbsp; \u00c9dit\u00e9 le 30\/03\/2026 MERCREDI MARCHE \u00c9dit\u00e9 le 23\/04\/2026<\/p>\n","protected":false},"author":31,"featured_media":0,"parent":1250,"menu_order":0,"comment_status":"closed","ping_status":"closed","template":"","meta":{"footnotes":""},"class_list":["post-1264","page","type-page","status-publish","hentry"],"_links":{"self":[{"href":"https:\/\/canetaccueil.com\/index.php\/wp-json\/wp\/v2\/pages\/1264","targetHints":{"allow":["GET"]}}],"collection":[{"href":"https:\/\/canetaccueil.com\/index.php\/wp-json\/wp\/v2\/pages"}],"about":[{"href":"https:\/\/canetaccueil.com\/index.php\/wp-json\/wp\/v2\/types\/page"}],"author":[{"embeddable":true,"href":"https:\/\/canetaccueil.com\/index.php\/wp-json\/wp\/v2\/users\/31"}],"replies":[{"embeddable":true,"href":"https:\/\/canetaccueil.com\/index.php\/wp-json\/wp\/v2\/comments?post=1264"}],"version-history":[{"count":314,"href":"https:\/\/canetaccueil.com\/index.php\/wp-json\/wp\/v2\/pages\/1264\/revisions"}],"predecessor-version":[{"id":11420,"href":"https:\/\/canetaccueil.com\/index.php\/wp-json\/wp\/v2\/pages\/1264\/revisions\/11420"}],"up":[{"embeddable":true,"href":"https:\/\/canetaccueil.com\/index.php\/wp-json\/wp\/v2\/pages\/1250"}],"wp:attachment":[{"href":"https:\/\/canetaccueil.com\/index.php\/wp-json\/wp\/v2\/media?parent=1264"}],"curies":[{"name":"wp","href":"https:\/\/api.w.org\/{rel}","templated":true}]}}