{"id":153,"date":"2019-08-26T21:58:20","date_gmt":"2019-08-26T19:58:20","guid":{"rendered":"http:\/\/canetaccueil.com\/?page_id=153"},"modified":"2024-10-14T19:21:52","modified_gmt":"2024-10-14T17:21:52","slug":"activites-culturelles","status":"publish","type":"page","link":"https:\/\/canetaccueil.com\/index.php\/activites\/activites-culturelles\/","title":{"rendered":"Activit\u00e9s culturelles"},"content":{"rendered":"\n<figure class=\"wp-block-table is-style-regular\"><table><tbody><tr><td><strong><a href=\"https:\/\/canetaccueil.com\/index.php\/activites\/activites-culturelles\/anglais-conversation\/\">ANGLAIS<\/a><br>Anglais &#8211; Cours moyen<\/strong><br>2\u00e8me et 4\u00e8me mardis chaque mois de 10h \u00e0 12h<br><strong>Anglais &#8211; Conversation<\/strong><br>1er et 3\u00e8me mardis chaque mois de 10h \u00e0 12h<\/td><\/tr><tr><td><a href=\"https:\/\/canetaccueil.com\/index.php\/activites\/activites-culturelles\/chorale\/\"><strong>CHORALE<\/strong><\/a><br>Les jeudis de 20h \u00e0 23h<\/td><\/tr><tr><td><a href=\"https:\/\/canetaccueil.com\/index.php\/activites\/activites-culturelles\/espagnol\/\"><strong>ESPAGNOL<\/strong><\/a><br>Les vendredis de 9h \u00e0 12h<\/td><\/tr><tr><td><a href=\"https:\/\/canetaccueil.com\/index.php\/activites\/activites-culturelles\/informatique-canet-en-roussillon\/\"><strong>INFORMATIQUE<\/strong><\/a><br>2\u00e8me et 4\u00e8me jeudi chaque mois de 10h \u00e0 12h<\/td><\/tr><tr><td><a href=\"https:\/\/canetaccueil.com\/index.php\/activites\/activites-culturelles\/italien-canet-en-roussillon\/\"><strong>ITALIEN<\/strong><\/a><br>Les jeudis de 13h30 \u00e0 17h<\/td><\/tr><tr><td><a href=\"https:\/\/canetaccueil.com\/index.php\/activites\/activites-culturelles\/la-dictee\/\"><strong>LA DICTEE<\/strong><\/a><br>Les lundis de 17h30 \u00e0 19h<\/td><\/tr><tr><td><a href=\"https:\/\/canetaccueil.com\/index.php\/activites\/activites-culturelles\/lecture\/\"><strong>LECTURE<\/strong><\/a><br>Les mercredis de 14h \u00e0 16h30<\/td><\/tr><tr><td><strong>MEMOIRE<\/strong><br>Les mercredis de 14h \u00e0 17h<\/td><\/tr><\/tbody><\/table><\/figure>\n","protected":false},"excerpt":{"rendered":"<p>ANGLAISAnglais &#8211; Cours moyen2\u00e8me et 4\u00e8me mardis chaque mois de 10h \u00e0 12hAnglais &#8211; Conversation1er et 3\u00e8me mardis chaque mois de 10h \u00e0 12h CHORALELes jeudis de 20h \u00e0 23h ESPAGNOLLes vendredis de 9h&#46;&#46;&#46;<\/p>\n","protected":false},"author":31,"featured_media":0,"parent":1126,"menu_order":0,"comment_status":"closed","ping_status":"closed","template":"","meta":{"footnotes":""},"class_list":["post-153","page","type-page","status-publish","hentry"],"_links":{"self":[{"href":"https:\/\/canetaccueil.com\/index.php\/wp-json\/wp\/v2\/pages\/153","targetHints":{"allow":["GET"]}}],"collection":[{"href":"https:\/\/canetaccueil.com\/index.php\/wp-json\/wp\/v2\/pages"}],"about":[{"href":"https:\/\/canetaccueil.com\/index.php\/wp-json\/wp\/v2\/types\/page"}],"author":[{"embeddable":true,"href":"https:\/\/canetaccueil.com\/index.php\/wp-json\/wp\/v2\/users\/31"}],"replies":[{"embeddable":true,"href":"https:\/\/canetaccueil.com\/index.php\/wp-json\/wp\/v2\/comments?post=153"}],"version-history":[{"count":15,"href":"https:\/\/canetaccueil.com\/index.php\/wp-json\/wp\/v2\/pages\/153\/revisions"}],"predecessor-version":[{"id":8994,"href":"https:\/\/canetaccueil.com\/index.php\/wp-json\/wp\/v2\/pages\/153\/revisions\/8994"}],"up":[{"embeddable":true,"href":"https:\/\/canetaccueil.com\/index.php\/wp-json\/wp\/v2\/pages\/1126"}],"wp:attachment":[{"href":"https:\/\/canetaccueil.com\/index.php\/wp-json\/wp\/v2\/media?parent=153"}],"curies":[{"name":"wp","href":"https:\/\/api.w.org\/{rel}","templated":true}]}}