{"id":155,"date":"2019-08-26T21:59:28","date_gmt":"2019-08-26T19:59:28","guid":{"rendered":"http:\/\/canetaccueil.com\/?page_id=155"},"modified":"2024-10-14T19:23:34","modified_gmt":"2024-10-14T17:23:34","slug":"activites-de-loisirs-et-sportives","status":"publish","type":"page","link":"https:\/\/canetaccueil.com\/index.php\/activites\/activites-de-loisirs-et-sportives\/","title":{"rendered":"Activit\u00e9s de Loisirs et Sportives"},"content":{"rendered":"\n<figure class=\"wp-block-table is-style-regular\"><table><tbody><tr><td><a href=\"https:\/\/canetaccueil.com\/index.php\/activites\/activites-de-loisirs-et-sportives\/aquagym\/\"><strong>AQUAGYM<\/strong><\/a><br>Centre natation Arlette Franco<br>Lundis de 11h30 \u00e0 12h15<br>Mercredis de 10h30 \u00e0 11h15<br><em>Certificat m\u00e9dical obligatoire<\/em><\/td><\/tr><tr><td><a href=\"https:\/\/canetaccueil.com\/index.php\/activites\/activites-de-loisirs-et-sportives\/danse-de-salon\/\"><strong>DANSE DE SALON<\/strong><\/a><br>3 cours : D\u00e9butants \/ Moyens \/ Avanc\u00e9s<br>Les lundis entre 19h et 22h<\/td><\/tr><tr><td><a href=\"https:\/\/canetaccueil.com\/index.php\/activites\/activites-de-loisirs-et-sportives\/danse-en-ligne\/\"><strong>DANSE EN LIGNE<\/strong><\/a><br>Les mercredis de 10h \u00e0 11h30<\/td><\/tr><tr><td><a href=\"https:\/\/canetaccueil.com\/index.php\/activites\/activites-de-loisirs-et-sportives\/gymnastique\/\"><strong>GYMNASTIQUE<\/strong><\/a><br>Les lundis de 11h \u00e0 12h et les jeudis de 9h \u00e0 10h<br><em>Certificat m\u00e9dical obligatoire<\/em><\/td><\/tr><tr><td><a href=\"https:\/\/canetaccueil.com\/index.php\/activites\/activites-de-loisirs-et-sportives\/longe-cote-marche-aquatique\/\"><strong>LONGE COTE ET MARCHE AQUATIQUE<\/strong><\/a><br>Toute l&#8217;ann\u00e9e les mercredis lundis, et samedis<br><em>Certificat m\u00e9dical et licence obligatoires<\/em><\/td><\/tr><tr><td><a href=\"https:\/\/canetaccueil.com\/index.php\/activites\/activites-de-loisirs-et-sportives\/petanque\/\"><strong>PETANQUE<\/strong><\/a><br>Les lundis et jeudis de 14h \u00e0 17h30<\/td><\/tr><tr><td><a href=\"https:\/\/canetaccueil.com\/index.php\/activites\/activites-de-loisirs-et-sportives\/randonnee-rando-sante-marche\/\"><strong>RANDONNEE &#8211; RANDO-SANTE\u00ae- MARCHE NORDIQUE<\/strong><\/a><br>Les mardis, mercredis et jeudis<\/td><\/tr><tr><td><a href=\"https:\/\/canetaccueil.com\/index.php\/activites\/activites-de-loisirs-et-sportives\/tennis-de-table\/\"><strong>TENNIS DE TABLE<\/strong><\/a><br>Les lundis de 9h \u00e0 12h<br>et les vendredis de 14h \u00e0 17h30<br><em>Certificat m\u00e9dical obligatoire<\/em><\/td><\/tr><tr><td><a href=\"https:\/\/canetaccueil.com\/index.php\/activites\/activites-de-loisirs-et-sportives\/yoga\/\"><strong>YOGA<\/strong><\/a><br>Les mardis et vendredis de 11h \u00e0 12h<br><em>Certificat m\u00e9dical obligatoire<\/em><\/td><\/tr><\/tbody><\/table><\/figure>\n","protected":false},"excerpt":{"rendered":"<p>AQUAGYMCentre natation Arlette FrancoLundis de 11h30 \u00e0 12h15Mercredis de 10h30 \u00e0 11h15Certificat m\u00e9dical obligatoire DANSE DE SALON3 cours : D\u00e9butants \/ Moyens \/ Avanc\u00e9sLes lundis entre 19h et 22h DANSE EN LIGNELes mercredis de&#46;&#46;&#46;<\/p>\n","protected":false},"author":31,"featured_media":0,"parent":1126,"menu_order":0,"comment_status":"closed","ping_status":"closed","template":"","meta":{"footnotes":""},"class_list":["post-155","page","type-page","status-publish","hentry"],"_links":{"self":[{"href":"https:\/\/canetaccueil.com\/index.php\/wp-json\/wp\/v2\/pages\/155","targetHints":{"allow":["GET"]}}],"collection":[{"href":"https:\/\/canetaccueil.com\/index.php\/wp-json\/wp\/v2\/pages"}],"about":[{"href":"https:\/\/canetaccueil.com\/index.php\/wp-json\/wp\/v2\/types\/page"}],"author":[{"embeddable":true,"href":"https:\/\/canetaccueil.com\/index.php\/wp-json\/wp\/v2\/users\/31"}],"replies":[{"embeddable":true,"href":"https:\/\/canetaccueil.com\/index.php\/wp-json\/wp\/v2\/comments?post=155"}],"version-history":[{"count":63,"href":"https:\/\/canetaccueil.com\/index.php\/wp-json\/wp\/v2\/pages\/155\/revisions"}],"predecessor-version":[{"id":8996,"href":"https:\/\/canetaccueil.com\/index.php\/wp-json\/wp\/v2\/pages\/155\/revisions\/8996"}],"up":[{"embeddable":true,"href":"https:\/\/canetaccueil.com\/index.php\/wp-json\/wp\/v2\/pages\/1126"}],"wp:attachment":[{"href":"https:\/\/canetaccueil.com\/index.php\/wp-json\/wp\/v2\/media?parent=155"}],"curies":[{"name":"wp","href":"https:\/\/api.w.org\/{rel}","templated":true}]}}