{"id":2025,"date":"2022-05-21T19:40:18","date_gmt":"2022-05-21T17:40:18","guid":{"rendered":"http:\/\/canetaccueil.com\/?page_id=2025"},"modified":"2025-09-03T17:11:31","modified_gmt":"2025-09-03T15:11:31","slug":"informations","status":"publish","type":"page","link":"https:\/\/canetaccueil.com\/index.php\/rando-marche-marche-nordique\/informations\/","title":{"rendered":"Informations"},"content":{"rendered":"\n<h2 class=\"wp-block-heading\">Section Randos \/ Marches \/ Marche Nordique<\/h2>\n\n\n\n<div class=\"wp-block-buttons is-content-justification-left is-layout-flex wp-container-core-buttons-is-layout-45245d17 wp-block-buttons-is-layout-flex\">\n<div class=\"wp-block-button is-style-fill\"><a class=\"wp-block-button__link wp-element-button\" href=\"https:\/\/canetaccueil.com\/wp-content\/uploads\/2025\/09\/notice-rando-2025-2026-A4.pdf\" target=\"_blank\" rel=\"noreferrer noopener\">Notice Rando 2025 2026<\/a><\/div>\n<\/div>\n\n\n\n<h2 class=\"wp-block-heading\">Section Longe C\u00f4te \/ MAC<\/h2>\n\n\n\n<div class=\"wp-block-buttons is-layout-flex wp-block-buttons-is-layout-flex\">\n<div class=\"wp-block-button\"><a class=\"wp-block-button__link wp-element-button\" href=\"https:\/\/canetaccueil.com\/wp-content\/uploads\/2025\/09\/notice-longe-cote-2025-2026-A4.pdf\" target=\"_blank\" rel=\"noreferrer noopener\">Notice Longe C\u00f4te \/ MAC 2025 2026<\/a><\/div>\n<\/div>\n\n\n\n<hr class=\"wp-block-separator has-css-opacity\"\/>\n\n\n<div class=\"western\" style=\"line-height: 100%; margin-bottom: 0cm; text-align: center;\">\n<h1 class=\"western\" style=\"line-height: 100%; margin-bottom: 0cm; text-align: center;\"><span style=\"color: #008000;\">Participer \u00e0 ces activit\u00e9s&nbsp;implique l&#8217;inscription<\/span><br \/><span style=\"color: #008000;\">pr\u00e9alable \u00e0 l\u2019Association <\/span><\/h1>\n<h1 class=\"western\" style=\"line-height: 100%; margin-bottom: 0cm; text-align: center;\"><span style=\"color: #008000;\">CANET ACCUEIL<\/span><\/h1>\n<p><span style=\"color: #0d5500; font-family: Comic Sans MS;\">&nbsp;<\/span><\/p>\n<\/div>\n\n\n<hr class=\"wp-block-separator has-css-opacity\"\/>\n\n\n<h2 class=\"headertext-inner\" style=\"text-align: center;\"><span style=\"color: #ff0000;\"><span class=\"firstcolor\">CE QUE JE<\/span>\u00a0<span class=\"secondcolor \">DOIS SAVOIR<\/span><\/span><\/h2>\n\n\n<div class=\"wp-block-buttons is-content-justification-center is-layout-flex wp-container-core-buttons-is-layout-16018d1d wp-block-buttons-is-layout-flex\">\n<div class=\"wp-block-button\"><a class=\"wp-block-button__link wp-element-button\" href=\"https:\/\/canetaccueil.com\/wp-content\/uploads\/2025\/09\/rglt-general-section-rando-aout-2025-v1.pdf\" target=\"_blank\" rel=\"noreferrer noopener\">R\u00e8glement g\u00e9n\u00e9ral Rando 2025 2026 <\/a><\/div>\n<\/div>\n\n\n\n<p>     <\/p>\n\n\n\n<div class=\"wp-block-buttons is-content-justification-center is-layout-flex wp-container-core-buttons-is-layout-16018d1d wp-block-buttons-is-layout-flex\">\n<div class=\"wp-block-button\"><a class=\"wp-block-button__link wp-element-button\" href=\"https:\/\/canetaccueil.com\/wp-content\/uploads\/2025\/09\/rglt-r-sante-aout-2025-v1.pdf\" target=\"_blank\" rel=\"noreferrer noopener\">R\u00e8glement g\u00e9n\u00e9ral Rando Sant\u00e9 2025 2026 <\/a><\/div>\n<\/div>\n\n\n\n<hr class=\"wp-block-separator has-css-opacity\"\/>\n\n\n<h2 style=\"text-align: center;\"><strong><a href=\"http:\/\/www.meteofrance.com\/previsions-meteo-france\/pyrenees-orientales\/66\">METEO<\/a><\/strong><\/h2>\n\n\n<hr class=\"wp-block-separator has-css-opacity\"\/>\n\n\n<h2 style=\"text-align: center;\"><strong><a href=\"http:\/\/marine.meteoconsult.fr\/meteo-marine\/meteo-abords-du-port\/mer-mediterranee\/previsions-meteo-canet-en-roussillon-110-0.php\">METEO LONGE COTE<\/a><\/strong><\/h2>\n\n\n<hr class=\"wp-block-separator has-css-opacity\"\/>\n","protected":false},"excerpt":{"rendered":"<p>Section Randos \/ Marches \/ Marche Nordique Section Longe C\u00f4te \/ MAC Participer \u00e0 ces activit\u00e9s&nbsp;implique l&#8217;inscriptionpr\u00e9alable \u00e0 l\u2019Association CANET ACCUEIL &nbsp; CE QUE JE\u00a0DOIS SAVOIR METEO METEO LONGE COTE<\/p>\n","protected":false},"author":31,"featured_media":0,"parent":1250,"menu_order":0,"comment_status":"closed","ping_status":"closed","template":"","meta":{"footnotes":""},"class_list":["post-2025","page","type-page","status-publish","hentry"],"_links":{"self":[{"href":"https:\/\/canetaccueil.com\/index.php\/wp-json\/wp\/v2\/pages\/2025","targetHints":{"allow":["GET"]}}],"collection":[{"href":"https:\/\/canetaccueil.com\/index.php\/wp-json\/wp\/v2\/pages"}],"about":[{"href":"https:\/\/canetaccueil.com\/index.php\/wp-json\/wp\/v2\/types\/page"}],"author":[{"embeddable":true,"href":"https:\/\/canetaccueil.com\/index.php\/wp-json\/wp\/v2\/users\/31"}],"replies":[{"embeddable":true,"href":"https:\/\/canetaccueil.com\/index.php\/wp-json\/wp\/v2\/comments?post=2025"}],"version-history":[{"count":15,"href":"https:\/\/canetaccueil.com\/index.php\/wp-json\/wp\/v2\/pages\/2025\/revisions"}],"predecessor-version":[{"id":10559,"href":"https:\/\/canetaccueil.com\/index.php\/wp-json\/wp\/v2\/pages\/2025\/revisions\/10559"}],"up":[{"embeddable":true,"href":"https:\/\/canetaccueil.com\/index.php\/wp-json\/wp\/v2\/pages\/1250"}],"wp:attachment":[{"href":"https:\/\/canetaccueil.com\/index.php\/wp-json\/wp\/v2\/media?parent=2025"}],"curies":[{"name":"wp","href":"https:\/\/api.w.org\/{rel}","templated":true}]}}