{"id":24,"date":"2019-08-26T20:41:45","date_gmt":"2019-08-26T18:41:45","guid":{"rendered":"http:\/\/canetaccueil.com\/?page_id=24"},"modified":"2025-09-03T18:46:22","modified_gmt":"2025-09-03T16:46:22","slug":"art-du-verre","status":"publish","type":"page","link":"https:\/\/canetaccueil.com\/index.php\/activites\/activites-artistiques\/art-du-verre\/","title":{"rendered":"Art du verre"},"content":{"rendered":"<div class=\"wp-block-image is-resized\">\n<figure class=\"alignleft size-full\"><img loading=\"lazy\" decoding=\"async\" width=\"275\" height=\"183\" src=\"https:\/\/canetaccueil.com\/wp-content\/uploads\/2022\/07\/Arre-du-verre.jpg\" alt=\"\" class=\"wp-image-2959\"\/><\/figure>\n<\/div>\n\n<p>Animateur : <strong>Daniel CHAUVEAU &#8211; T\u00e9l 06 10 52 48 16<\/strong><br \/>Le mardi de 14h \u00e0 17h30 salle extension 1 au foyer Moudat<br \/>Le jeudi de 14h \u00e0 17h30 salle extension 1 au foyer Moudat<\/p>\n<p>Site internet :\u00a0 <a href=\"http:\/\/www.artcreatifduverrecanetois.com\/\" target=\"_blank\" rel=\"noreferrer noopener\" aria-label=\"www.artcreatifduverrecanetois.com (s\u2019ouvre dans un nouvel onglet)\" data-rich-text-format-boundary=\"true\">www.artcreatifduverrecanetois.com<\/a><\/p>","protected":false},"excerpt":{"rendered":"<p>Animateur : Daniel CHAUVEAU &#8211; T\u00e9l 06 10 52 48 16Le mardi de 14h \u00e0 17h30 salle extension 1 au foyer MoudatLe jeudi de 14h \u00e0 17h30 salle extension 1 au foyer Moudat Site&#46;&#46;&#46;<\/p>\n","protected":false},"author":31,"featured_media":0,"parent":112,"menu_order":0,"comment_status":"closed","ping_status":"closed","template":"","meta":{"footnotes":""},"class_list":["post-24","page","type-page","status-publish","hentry"],"_links":{"self":[{"href":"https:\/\/canetaccueil.com\/index.php\/wp-json\/wp\/v2\/pages\/24","targetHints":{"allow":["GET"]}}],"collection":[{"href":"https:\/\/canetaccueil.com\/index.php\/wp-json\/wp\/v2\/pages"}],"about":[{"href":"https:\/\/canetaccueil.com\/index.php\/wp-json\/wp\/v2\/types\/page"}],"author":[{"embeddable":true,"href":"https:\/\/canetaccueil.com\/index.php\/wp-json\/wp\/v2\/users\/31"}],"replies":[{"embeddable":true,"href":"https:\/\/canetaccueil.com\/index.php\/wp-json\/wp\/v2\/comments?post=24"}],"version-history":[{"count":7,"href":"https:\/\/canetaccueil.com\/index.php\/wp-json\/wp\/v2\/pages\/24\/revisions"}],"predecessor-version":[{"id":7002,"href":"https:\/\/canetaccueil.com\/index.php\/wp-json\/wp\/v2\/pages\/24\/revisions\/7002"}],"up":[{"embeddable":true,"href":"https:\/\/canetaccueil.com\/index.php\/wp-json\/wp\/v2\/pages\/112"}],"wp:attachment":[{"href":"https:\/\/canetaccueil.com\/index.php\/wp-json\/wp\/v2\/media?parent=24"}],"curies":[{"name":"wp","href":"https:\/\/api.w.org\/{rel}","templated":true}]}}