{"id":26,"date":"2019-08-26T20:42:32","date_gmt":"2019-08-26T18:42:32","guid":{"rendered":"http:\/\/canetaccueil.com\/?page_id=26"},"modified":"2025-09-03T18:47:57","modified_gmt":"2025-09-03T16:47:57","slug":"bridge","status":"publish","type":"page","link":"https:\/\/canetaccueil.com\/index.php\/activites\/associations-ludiques\/bridge\/","title":{"rendered":"Bridge"},"content":{"rendered":"<div class=\"wp-block-image\">\n<figure class=\"alignright size-full is-resized\"><img loading=\"lazy\" decoding=\"async\" width=\"421\" height=\"342\" src=\"https:\/\/canetaccueil.com\/wp-content\/uploads\/2023\/12\/cartes-jeu.jpg\" alt=\"\" class=\"wp-image-7006\" style=\"aspect-ratio:1.2309941520467835;width:271px;height:auto\" srcset=\"https:\/\/canetaccueil.com\/wp-content\/uploads\/2023\/12\/cartes-jeu.jpg 421w, https:\/\/canetaccueil.com\/wp-content\/uploads\/2023\/12\/cartes-jeu-300x244.jpg 300w\" sizes=\"auto, (max-width: 421px) 100vw, 421px\" \/><\/figure>\n<\/div>\n\n<p>Animateur: <strong>Michel MONEGER &#8211; T\u00e9l 07 86 86 84 23<br \/><\/strong>Animatrice\u00a0:<strong> Fran\u00e7oise ATG\u00c9<br \/><\/strong><\/p>\n<p>Les lundis et jeudis 14h \u00e0 17h30, les samedis de 14h \u00e0 18h ancienne salle au foyer Moudat<\/p>","protected":false},"excerpt":{"rendered":"<p>Animateur: Michel MONEGER &#8211; T\u00e9l 07 86 86 84 23Animatrice\u00a0: Fran\u00e7oise ATG\u00c9 Les lundis et jeudis 14h \u00e0 17h30, les samedis de 14h \u00e0 18h ancienne salle au foyer Moudat<\/p>\n","protected":false},"author":31,"featured_media":191,"parent":150,"menu_order":0,"comment_status":"closed","ping_status":"closed","template":"","meta":{"footnotes":""},"class_list":["post-26","page","type-page","status-publish","has-post-thumbnail","hentry"],"_links":{"self":[{"href":"https:\/\/canetaccueil.com\/index.php\/wp-json\/wp\/v2\/pages\/26","targetHints":{"allow":["GET"]}}],"collection":[{"href":"https:\/\/canetaccueil.com\/index.php\/wp-json\/wp\/v2\/pages"}],"about":[{"href":"https:\/\/canetaccueil.com\/index.php\/wp-json\/wp\/v2\/types\/page"}],"author":[{"embeddable":true,"href":"https:\/\/canetaccueil.com\/index.php\/wp-json\/wp\/v2\/users\/31"}],"replies":[{"embeddable":true,"href":"https:\/\/canetaccueil.com\/index.php\/wp-json\/wp\/v2\/comments?post=26"}],"version-history":[{"count":13,"href":"https:\/\/canetaccueil.com\/index.php\/wp-json\/wp\/v2\/pages\/26\/revisions"}],"predecessor-version":[{"id":10564,"href":"https:\/\/canetaccueil.com\/index.php\/wp-json\/wp\/v2\/pages\/26\/revisions\/10564"}],"up":[{"embeddable":true,"href":"https:\/\/canetaccueil.com\/index.php\/wp-json\/wp\/v2\/pages\/150"}],"wp:featuredmedia":[{"embeddable":true,"href":"https:\/\/canetaccueil.com\/index.php\/wp-json\/wp\/v2\/media\/191"}],"wp:attachment":[{"href":"https:\/\/canetaccueil.com\/index.php\/wp-json\/wp\/v2\/media?parent=26"}],"curies":[{"name":"wp","href":"https:\/\/api.w.org\/{rel}","templated":true}]}}