{"id":40,"date":"2019-08-26T20:46:21","date_gmt":"2019-08-26T18:46:21","guid":{"rendered":"http:\/\/canetaccueil.com\/?page_id=40"},"modified":"2025-09-03T18:41:31","modified_gmt":"2025-09-03T16:41:31","slug":"anglais-conversation","status":"publish","type":"page","link":"https:\/\/canetaccueil.com\/index.php\/activites\/activites-culturelles\/anglais-conversation\/","title":{"rendered":"Anglais &#8211; Conversation"},"content":{"rendered":"<div class=\"wp-block-image\">\n<figure class=\"alignleft is-resized\"><img loading=\"lazy\" decoding=\"async\" width=\"1000\" height=\"330\" src=\"https:\/\/canetaccueil.com\/wp-content\/uploads\/2019\/08\/anglais.jpg\" alt=\"\" class=\"wp-image-201\" style=\"aspect-ratio:3.0303030303030303;width:448px;height:auto\" srcset=\"https:\/\/canetaccueil.com\/wp-content\/uploads\/2019\/08\/anglais.jpg 1000w, https:\/\/canetaccueil.com\/wp-content\/uploads\/2019\/08\/anglais-300x99.jpg 300w, https:\/\/canetaccueil.com\/wp-content\/uploads\/2019\/08\/anglais-768x253.jpg 768w\" sizes=\"auto, (max-width: 1000px) 100vw, 1000px\" \/><\/figure>\n<\/div>\n\n<p>Animateurs: <br \/><strong>Ulrich SCHMITZ \u2013 T\u00e9l 06 30 92 14 77<\/strong><br \/><strong>Yvette JOMAIN-LEFORT &#8211; T\u00e9l. 06 42 3 40 33<\/strong> <br \/>Le mardi de 9h45 \u00e0 12h ancienne salle au foyer Moudat<\/p>","protected":false},"excerpt":{"rendered":"<p>Animateurs: Ulrich SCHMITZ \u2013 T\u00e9l 06 30 92 14 77Yvette JOMAIN-LEFORT &#8211; T\u00e9l. 06 42 3 40 33 Le mardi de 9h45 \u00e0 12h ancienne salle au foyer Moudat<\/p>\n","protected":false},"author":31,"featured_media":0,"parent":153,"menu_order":0,"comment_status":"closed","ping_status":"closed","template":"","meta":{"footnotes":""},"class_list":["post-40","page","type-page","status-publish","hentry"],"_links":{"self":[{"href":"https:\/\/canetaccueil.com\/index.php\/wp-json\/wp\/v2\/pages\/40","targetHints":{"allow":["GET"]}}],"collection":[{"href":"https:\/\/canetaccueil.com\/index.php\/wp-json\/wp\/v2\/pages"}],"about":[{"href":"https:\/\/canetaccueil.com\/index.php\/wp-json\/wp\/v2\/types\/page"}],"author":[{"embeddable":true,"href":"https:\/\/canetaccueil.com\/index.php\/wp-json\/wp\/v2\/users\/31"}],"replies":[{"embeddable":true,"href":"https:\/\/canetaccueil.com\/index.php\/wp-json\/wp\/v2\/comments?post=40"}],"version-history":[{"count":11,"href":"https:\/\/canetaccueil.com\/index.php\/wp-json\/wp\/v2\/pages\/40\/revisions"}],"predecessor-version":[{"id":10561,"href":"https:\/\/canetaccueil.com\/index.php\/wp-json\/wp\/v2\/pages\/40\/revisions\/10561"}],"up":[{"embeddable":true,"href":"https:\/\/canetaccueil.com\/index.php\/wp-json\/wp\/v2\/pages\/153"}],"wp:attachment":[{"href":"https:\/\/canetaccueil.com\/index.php\/wp-json\/wp\/v2\/media?parent=40"}],"curies":[{"name":"wp","href":"https:\/\/api.w.org\/{rel}","templated":true}]}}