{"id":52,"date":"2019-08-26T20:50:44","date_gmt":"2019-08-26T18:50:44","guid":{"rendered":"http:\/\/canetaccueil.com\/?page_id=52"},"modified":"2025-09-03T18:49:28","modified_gmt":"2025-09-03T16:49:28","slug":"chorale","status":"publish","type":"page","link":"https:\/\/canetaccueil.com\/index.php\/activites\/activites-culturelles\/chorale\/","title":{"rendered":"Chorale"},"content":{"rendered":"\n<div class=\"wp-block-columns is-layout-flex wp-container-core-columns-is-layout-9d6595d7 wp-block-columns-is-layout-flex\">\n<div class=\"wp-block-column is-layout-flow wp-block-column-is-layout-flow\">\n<figure class=\"wp-block-image size-large\"><img loading=\"lazy\" decoding=\"async\" width=\"1024\" height=\"427\" src=\"https:\/\/canetaccueil.com\/wp-content\/uploads\/2023\/04\/photo-de-presentation-1024x427.jpg\" alt=\"\" class=\"wp-image-5522\" srcset=\"https:\/\/canetaccueil.com\/wp-content\/uploads\/2023\/04\/photo-de-presentation-1024x427.jpg 1024w, https:\/\/canetaccueil.com\/wp-content\/uploads\/2023\/04\/photo-de-presentation-300x125.jpg 300w, https:\/\/canetaccueil.com\/wp-content\/uploads\/2023\/04\/photo-de-presentation-768x320.jpg 768w, https:\/\/canetaccueil.com\/wp-content\/uploads\/2023\/04\/photo-de-presentation-602x251.jpg 602w, https:\/\/canetaccueil.com\/wp-content\/uploads\/2023\/04\/photo-de-presentation.jpg 1080w\" sizes=\"auto, (max-width: 1024px) 100vw, 1024px\" \/><\/figure>\n<\/div>\n\n\n\n<div class=\"wp-block-column is-layout-flow wp-block-column-is-layout-flow\">\n<p><span style=\"color: #000000;\">Animateur professeur: <br \/><strong>Jean-Pierre GALINAT &#8211; T\u00e9l 07 71 69 09 64<\/strong><\/span><br \/><span style=\"color: #000000;\">Animateur chef de choeur: <br \/><strong>Martial GRONNIER &#8211; T\u00e9l 06 58 86 92 06<\/strong><\/span><br \/><span style=\"color: #000000;\">Le mercredi de 20h00 \u00e0 23h00 ancienne salle au foyer Moudat<\/span><\/p>\n<\/div>\n<\/div>\n\n\n\n<hr class=\"wp-block-separator has-alpha-channel-opacity\"\/>\n\n\n<h1 style=\"text-align: center;\"><span style=\"color: #ff0000;\">GALERIE PHOTOS<\/span><\/h1>\n\n\n<figure class=\"wp-block-gallery has-nested-images columns-default is-cropped wp-block-gallery-1 is-layout-flex wp-block-gallery-is-layout-flex\">\n<figure class=\"wp-block-image size-large\"><img loading=\"lazy\" decoding=\"async\" width=\"1024\" height=\"595\" data-id=\"5530\" src=\"https:\/\/canetaccueil.com\/wp-content\/uploads\/2023\/04\/devant-les-commercant-NOEL-2022--1024x595.jpg\" alt=\"\" class=\"wp-image-5530\" srcset=\"https:\/\/canetaccueil.com\/wp-content\/uploads\/2023\/04\/devant-les-commercant-NOEL-2022--1024x595.jpg 1024w, https:\/\/canetaccueil.com\/wp-content\/uploads\/2023\/04\/devant-les-commercant-NOEL-2022--300x174.jpg 300w, https:\/\/canetaccueil.com\/wp-content\/uploads\/2023\/04\/devant-les-commercant-NOEL-2022--768x446.jpg 768w, https:\/\/canetaccueil.com\/wp-content\/uploads\/2023\/04\/devant-les-commercant-NOEL-2022--1536x892.jpg 1536w, https:\/\/canetaccueil.com\/wp-content\/uploads\/2023\/04\/devant-les-commercant-NOEL-2022--2048x1189.jpg 2048w, https:\/\/canetaccueil.com\/wp-content\/uploads\/2023\/04\/devant-les-commercant-NOEL-2022--517x300.jpg 517w\" sizes=\"auto, (max-width: 1024px) 100vw, 1024px\" \/><\/figure>\n\n\n\n<figure class=\"wp-block-image size-large\"><img loading=\"lazy\" decoding=\"async\" width=\"1024\" height=\"571\" data-id=\"5531\" src=\"https:\/\/canetaccueil.com\/wp-content\/uploads\/2023\/04\/INVITATION-CMusic-le23-MARS-2023-1024x571.jpg\" alt=\"\" class=\"wp-image-5531\" srcset=\"https:\/\/canetaccueil.com\/wp-content\/uploads\/2023\/04\/INVITATION-CMusic-le23-MARS-2023-1024x571.jpg 1024w, https:\/\/canetaccueil.com\/wp-content\/uploads\/2023\/04\/INVITATION-CMusic-le23-MARS-2023-300x167.jpg 300w, https:\/\/canetaccueil.com\/wp-content\/uploads\/2023\/04\/INVITATION-CMusic-le23-MARS-2023-768x428.jpg 768w, https:\/\/canetaccueil.com\/wp-content\/uploads\/2023\/04\/INVITATION-CMusic-le23-MARS-2023-538x300.jpg 538w, https:\/\/canetaccueil.com\/wp-content\/uploads\/2023\/04\/INVITATION-CMusic-le23-MARS-2023.jpg 1080w\" sizes=\"auto, (max-width: 1024px) 100vw, 1024px\" \/><\/figure>\n\n\n\n<figure class=\"wp-block-image size-large\"><img loading=\"lazy\" decoding=\"async\" width=\"1024\" height=\"602\" data-id=\"5532\" src=\"https:\/\/canetaccueil.com\/wp-content\/uploads\/2023\/04\/recital-1-maison-de-retraite-le-04-MARS-2022-1024x602.jpg\" alt=\"\" class=\"wp-image-5532\" srcset=\"https:\/\/canetaccueil.com\/wp-content\/uploads\/2023\/04\/recital-1-maison-de-retraite-le-04-MARS-2022-1024x602.jpg 1024w, https:\/\/canetaccueil.com\/wp-content\/uploads\/2023\/04\/recital-1-maison-de-retraite-le-04-MARS-2022-300x176.jpg 300w, https:\/\/canetaccueil.com\/wp-content\/uploads\/2023\/04\/recital-1-maison-de-retraite-le-04-MARS-2022-768x451.jpg 768w, https:\/\/canetaccueil.com\/wp-content\/uploads\/2023\/04\/recital-1-maison-de-retraite-le-04-MARS-2022-1536x902.jpg 1536w, https:\/\/canetaccueil.com\/wp-content\/uploads\/2023\/04\/recital-1-maison-de-retraite-le-04-MARS-2022-2048x1203.jpg 2048w, https:\/\/canetaccueil.com\/wp-content\/uploads\/2023\/04\/recital-1-maison-de-retraite-le-04-MARS-2022-511x300.jpg 511w, https:\/\/canetaccueil.com\/wp-content\/uploads\/2023\/04\/recital-1-maison-de-retraite-le-04-MARS-2022-512x300.jpg 512w\" sizes=\"auto, (max-width: 1024px) 100vw, 1024px\" \/><\/figure>\n\n\n\n<figure class=\"wp-block-image size-large\"><img loading=\"lazy\" decoding=\"async\" width=\"1024\" height=\"554\" data-id=\"5528\" src=\"https:\/\/canetaccueil.com\/wp-content\/uploads\/2023\/04\/recital-2-telthon-ocotbre-2022-1024x554.jpg\" alt=\"\" class=\"wp-image-5528\" srcset=\"https:\/\/canetaccueil.com\/wp-content\/uploads\/2023\/04\/recital-2-telthon-ocotbre-2022-1024x554.jpg 1024w, https:\/\/canetaccueil.com\/wp-content\/uploads\/2023\/04\/recital-2-telthon-ocotbre-2022-300x162.jpg 300w, https:\/\/canetaccueil.com\/wp-content\/uploads\/2023\/04\/recital-2-telthon-ocotbre-2022-768x415.jpg 768w, https:\/\/canetaccueil.com\/wp-content\/uploads\/2023\/04\/recital-2-telthon-ocotbre-2022-555x300.jpg 555w, https:\/\/canetaccueil.com\/wp-content\/uploads\/2023\/04\/recital-2-telthon-ocotbre-2022.jpg 1058w\" sizes=\"auto, (max-width: 1024px) 100vw, 1024px\" \/><\/figure>\n\n\n\n<figure class=\"wp-block-image size-large\"><img loading=\"lazy\" decoding=\"async\" width=\"1024\" height=\"657\" data-id=\"5529\" src=\"https:\/\/canetaccueil.com\/wp-content\/uploads\/2023\/04\/Recital-3-Place-Mediteranee-NOEL-2022-1024x657.jpg\" alt=\"\" class=\"wp-image-5529\" srcset=\"https:\/\/canetaccueil.com\/wp-content\/uploads\/2023\/04\/Recital-3-Place-Mediteranee-NOEL-2022-1024x657.jpg 1024w, https:\/\/canetaccueil.com\/wp-content\/uploads\/2023\/04\/Recital-3-Place-Mediteranee-NOEL-2022-300x192.jpg 300w, https:\/\/canetaccueil.com\/wp-content\/uploads\/2023\/04\/Recital-3-Place-Mediteranee-NOEL-2022-768x493.jpg 768w, https:\/\/canetaccueil.com\/wp-content\/uploads\/2023\/04\/Recital-3-Place-Mediteranee-NOEL-2022-1536x985.jpg 1536w, https:\/\/canetaccueil.com\/wp-content\/uploads\/2023\/04\/Recital-3-Place-Mediteranee-NOEL-2022-2048x1314.jpg 2048w, https:\/\/canetaccueil.com\/wp-content\/uploads\/2023\/04\/Recital-3-Place-Mediteranee-NOEL-2022-468x300.jpg 468w\" sizes=\"auto, (max-width: 1024px) 100vw, 1024px\" \/><\/figure>\n\n\n\n<figure class=\"wp-block-image size-large\"><img loading=\"lazy\" decoding=\"async\" width=\"1024\" height=\"577\" data-id=\"5534\" src=\"https:\/\/canetaccueil.com\/wp-content\/uploads\/2023\/04\/Recital-4-Maison-de-retraite-le-22-MARS-2023-1024x577.jpg\" alt=\"\" class=\"wp-image-5534\" srcset=\"https:\/\/canetaccueil.com\/wp-content\/uploads\/2023\/04\/Recital-4-Maison-de-retraite-le-22-MARS-2023-1024x577.jpg 1024w, https:\/\/canetaccueil.com\/wp-content\/uploads\/2023\/04\/Recital-4-Maison-de-retraite-le-22-MARS-2023-300x169.jpg 300w, https:\/\/canetaccueil.com\/wp-content\/uploads\/2023\/04\/Recital-4-Maison-de-retraite-le-22-MARS-2023-768x432.jpg 768w, https:\/\/canetaccueil.com\/wp-content\/uploads\/2023\/04\/Recital-4-Maison-de-retraite-le-22-MARS-2023-1536x865.jpg 1536w, https:\/\/canetaccueil.com\/wp-content\/uploads\/2023\/04\/Recital-4-Maison-de-retraite-le-22-MARS-2023-2048x1153.jpg 2048w, https:\/\/canetaccueil.com\/wp-content\/uploads\/2023\/04\/Recital-4-Maison-de-retraite-le-22-MARS-2023-533x300.jpg 533w\" sizes=\"auto, (max-width: 1024px) 100vw, 1024px\" \/><\/figure>\n\n\n\n<figure class=\"wp-block-image size-large\"><img loading=\"lazy\" decoding=\"async\" width=\"1024\" height=\"576\" data-id=\"5533\" src=\"https:\/\/canetaccueil.com\/wp-content\/uploads\/2023\/04\/Repetiton-des-recitales-1024x576.jpg\" alt=\"\" class=\"wp-image-5533\" srcset=\"https:\/\/canetaccueil.com\/wp-content\/uploads\/2023\/04\/Repetiton-des-recitales-1024x576.jpg 1024w, https:\/\/canetaccueil.com\/wp-content\/uploads\/2023\/04\/Repetiton-des-recitales-300x169.jpg 300w, https:\/\/canetaccueil.com\/wp-content\/uploads\/2023\/04\/Repetiton-des-recitales-768x432.jpg 768w, https:\/\/canetaccueil.com\/wp-content\/uploads\/2023\/04\/Repetiton-des-recitales-1536x864.jpg 1536w, https:\/\/canetaccueil.com\/wp-content\/uploads\/2023\/04\/Repetiton-des-recitales-2048x1152.jpg 2048w, https:\/\/canetaccueil.com\/wp-content\/uploads\/2023\/04\/Repetiton-des-recitales-533x300.jpg 533w\" sizes=\"auto, (max-width: 1024px) 100vw, 1024px\" \/><\/figure>\n\n\n\n<figure class=\"wp-block-image size-large\"><img loading=\"lazy\" decoding=\"async\" width=\"1024\" height=\"610\" data-id=\"5535\" src=\"https:\/\/canetaccueil.com\/wp-content\/uploads\/2023\/04\/Soiree-decouverte-en-famille--1024x610.jpg\" alt=\"\" class=\"wp-image-5535\" srcset=\"https:\/\/canetaccueil.com\/wp-content\/uploads\/2023\/04\/Soiree-decouverte-en-famille--1024x610.jpg 1024w, https:\/\/canetaccueil.com\/wp-content\/uploads\/2023\/04\/Soiree-decouverte-en-famille--300x179.jpg 300w, https:\/\/canetaccueil.com\/wp-content\/uploads\/2023\/04\/Soiree-decouverte-en-famille--768x457.jpg 768w, https:\/\/canetaccueil.com\/wp-content\/uploads\/2023\/04\/Soiree-decouverte-en-famille--504x300.jpg 504w, https:\/\/canetaccueil.com\/wp-content\/uploads\/2023\/04\/Soiree-decouverte-en-famille-.jpg 1080w\" sizes=\"auto, (max-width: 1024px) 100vw, 1024px\" \/><\/figure>\n\n\n\n<figure class=\"wp-block-image size-large\"><img loading=\"lazy\" decoding=\"async\" width=\"1024\" height=\"768\" data-id=\"5536\" src=\"https:\/\/canetaccueil.com\/wp-content\/uploads\/2023\/04\/20230322_155721-1024x768.jpg\" alt=\"\" class=\"wp-image-5536\" srcset=\"https:\/\/canetaccueil.com\/wp-content\/uploads\/2023\/04\/20230322_155721-1024x768.jpg 1024w, https:\/\/canetaccueil.com\/wp-content\/uploads\/2023\/04\/20230322_155721-300x225.jpg 300w, https:\/\/canetaccueil.com\/wp-content\/uploads\/2023\/04\/20230322_155721-768x576.jpg 768w, https:\/\/canetaccueil.com\/wp-content\/uploads\/2023\/04\/20230322_155721-1536x1152.jpg 1536w, https:\/\/canetaccueil.com\/wp-content\/uploads\/2023\/04\/20230322_155721-2048x1536.jpg 2048w, https:\/\/canetaccueil.com\/wp-content\/uploads\/2023\/04\/20230322_155721-400x300.jpg 400w\" sizes=\"auto, (max-width: 1024px) 100vw, 1024px\" \/><\/figure>\n<\/figure>\n","protected":false},"excerpt":{"rendered":"<p>Animateur professeur: Jean-Pierre GALINAT &#8211; T\u00e9l 07 71 69 09 64Animateur chef de choeur: Martial GRONNIER &#8211; T\u00e9l 06 58 86 92 06Le mercredi de 20h00 \u00e0 23h00 ancienne salle au foyer Moudat GALERIE&#46;&#46;&#46;<\/p>\n","protected":false},"author":31,"featured_media":0,"parent":153,"menu_order":0,"comment_status":"closed","ping_status":"closed","template":"","meta":{"footnotes":""},"class_list":["post-52","page","type-page","status-publish","hentry"],"_links":{"self":[{"href":"https:\/\/canetaccueil.com\/index.php\/wp-json\/wp\/v2\/pages\/52","targetHints":{"allow":["GET"]}}],"collection":[{"href":"https:\/\/canetaccueil.com\/index.php\/wp-json\/wp\/v2\/pages"}],"about":[{"href":"https:\/\/canetaccueil.com\/index.php\/wp-json\/wp\/v2\/types\/page"}],"author":[{"embeddable":true,"href":"https:\/\/canetaccueil.com\/index.php\/wp-json\/wp\/v2\/users\/31"}],"replies":[{"embeddable":true,"href":"https:\/\/canetaccueil.com\/index.php\/wp-json\/wp\/v2\/comments?post=52"}],"version-history":[{"count":14,"href":"https:\/\/canetaccueil.com\/index.php\/wp-json\/wp\/v2\/pages\/52\/revisions"}],"predecessor-version":[{"id":10566,"href":"https:\/\/canetaccueil.com\/index.php\/wp-json\/wp\/v2\/pages\/52\/revisions\/10566"}],"up":[{"embeddable":true,"href":"https:\/\/canetaccueil.com\/index.php\/wp-json\/wp\/v2\/pages\/153"}],"wp:attachment":[{"href":"https:\/\/canetaccueil.com\/index.php\/wp-json\/wp\/v2\/media?parent=52"}],"curies":[{"name":"wp","href":"https:\/\/api.w.org\/{rel}","templated":true}]}}