{"id":56,"date":"2019-08-26T20:53:41","date_gmt":"2019-08-26T18:53:41","guid":{"rendered":"http:\/\/canetaccueil.com\/?page_id=56"},"modified":"2025-09-03T18:50:56","modified_gmt":"2025-09-03T16:50:56","slug":"country","status":"publish","type":"page","link":"https:\/\/canetaccueil.com\/index.php\/activites\/activites-de-loisirs-et-sportives\/country\/","title":{"rendered":"Country"},"content":{"rendered":"<h4>Coordinateur: Val\u00e9rie Del Campo<br \/>Le jeudi de 18h00 \u00e0 19h30 ancienne salle au foyer Moudat <br \/><span style=\"color: #ff0000;\"><strong>Certificat m\u00e9dical obligatoire<\/strong><\/span><\/h4>\n\n\n<figure class=\"wp-block-image\"><img loading=\"lazy\" decoding=\"async\" width=\"1000\" height=\"330\" src=\"https:\/\/canetaccueil.com\/wp-content\/uploads\/2019\/08\/country.jpg\" alt=\"\" class=\"wp-image-198\" srcset=\"https:\/\/canetaccueil.com\/wp-content\/uploads\/2019\/08\/country.jpg 1000w, https:\/\/canetaccueil.com\/wp-content\/uploads\/2019\/08\/country-300x99.jpg 300w, https:\/\/canetaccueil.com\/wp-content\/uploads\/2019\/08\/country-768x253.jpg 768w\" sizes=\"auto, (max-width: 1000px) 100vw, 1000px\" \/><\/figure>\n","protected":false},"excerpt":{"rendered":"<p>Coordinateur: Val\u00e9rie Del CampoLe jeudi de 18h00 \u00e0 19h30 ancienne salle au foyer Moudat Certificat m\u00e9dical obligatoire<\/p>\n","protected":false},"author":31,"featured_media":0,"parent":155,"menu_order":0,"comment_status":"closed","ping_status":"closed","template":"","meta":{"footnotes":""},"class_list":["post-56","page","type-page","status-publish","hentry"],"_links":{"self":[{"href":"https:\/\/canetaccueil.com\/index.php\/wp-json\/wp\/v2\/pages\/56","targetHints":{"allow":["GET"]}}],"collection":[{"href":"https:\/\/canetaccueil.com\/index.php\/wp-json\/wp\/v2\/pages"}],"about":[{"href":"https:\/\/canetaccueil.com\/index.php\/wp-json\/wp\/v2\/types\/page"}],"author":[{"embeddable":true,"href":"https:\/\/canetaccueil.com\/index.php\/wp-json\/wp\/v2\/users\/31"}],"replies":[{"embeddable":true,"href":"https:\/\/canetaccueil.com\/index.php\/wp-json\/wp\/v2\/comments?post=56"}],"version-history":[{"count":12,"href":"https:\/\/canetaccueil.com\/index.php\/wp-json\/wp\/v2\/pages\/56\/revisions"}],"predecessor-version":[{"id":10568,"href":"https:\/\/canetaccueil.com\/index.php\/wp-json\/wp\/v2\/pages\/56\/revisions\/10568"}],"up":[{"embeddable":true,"href":"https:\/\/canetaccueil.com\/index.php\/wp-json\/wp\/v2\/pages\/155"}],"wp:attachment":[{"href":"https:\/\/canetaccueil.com\/index.php\/wp-json\/wp\/v2\/media?parent=56"}],"curies":[{"name":"wp","href":"https:\/\/api.w.org\/{rel}","templated":true}]}}