{"id":58,"date":"2019-08-26T20:54:35","date_gmt":"2019-08-26T18:54:35","guid":{"rendered":"http:\/\/canetaccueil.com\/?page_id=58"},"modified":"2023-12-13T16:24:51","modified_gmt":"2023-12-13T15:24:51","slug":"danse-en-ligne","status":"publish","type":"page","link":"https:\/\/canetaccueil.com\/index.php\/activites\/activites-de-loisirs-et-sportives\/danse-en-ligne\/","title":{"rendered":"Danse en ligne"},"content":{"rendered":"<div class=\"wp-block-image is-resized\">\n<figure class=\"alignleft size-full\"><img loading=\"lazy\" decoding=\"async\" width=\"449\" height=\"231\" src=\"https:\/\/canetaccueil.com\/wp-content\/uploads\/2023\/12\/danse-ligne.png\" alt=\"\" class=\"wp-image-6987\" style=\"aspect-ratio:1.9437229437229437;width:329px;height:auto\" srcset=\"https:\/\/canetaccueil.com\/wp-content\/uploads\/2023\/12\/danse-ligne.png 449w, https:\/\/canetaccueil.com\/wp-content\/uploads\/2023\/12\/danse-ligne-300x154.png 300w\" sizes=\"auto, (max-width: 449px) 100vw, 449px\" \/><\/figure>\n<\/div>\n\n<p>Coordinatrice : <strong>Val\u00e9rie Del Campo<\/strong><br \/>Le mercredi de 10h \u00e0 11h30<br \/>salle extension 1 au foyer Moudat<\/p>\n<p><span style=\"color: #ff0000;\"><strong>Certificat m\u00e9dical obligatoire<\/strong><\/span><\/p>","protected":false},"excerpt":{"rendered":"<p>Coordinatrice : Val\u00e9rie Del CampoLe mercredi de 10h \u00e0 11h30salle extension 1 au foyer Moudat Certificat m\u00e9dical obligatoire<\/p>\n","protected":false},"author":31,"featured_media":0,"parent":155,"menu_order":0,"comment_status":"closed","ping_status":"closed","template":"","meta":{"footnotes":""},"class_list":["post-58","page","type-page","status-publish","hentry"],"_links":{"self":[{"href":"https:\/\/canetaccueil.com\/index.php\/wp-json\/wp\/v2\/pages\/58","targetHints":{"allow":["GET"]}}],"collection":[{"href":"https:\/\/canetaccueil.com\/index.php\/wp-json\/wp\/v2\/pages"}],"about":[{"href":"https:\/\/canetaccueil.com\/index.php\/wp-json\/wp\/v2\/types\/page"}],"author":[{"embeddable":true,"href":"https:\/\/canetaccueil.com\/index.php\/wp-json\/wp\/v2\/users\/31"}],"replies":[{"embeddable":true,"href":"https:\/\/canetaccueil.com\/index.php\/wp-json\/wp\/v2\/comments?post=58"}],"version-history":[{"count":10,"href":"https:\/\/canetaccueil.com\/index.php\/wp-json\/wp\/v2\/pages\/58\/revisions"}],"predecessor-version":[{"id":7027,"href":"https:\/\/canetaccueil.com\/index.php\/wp-json\/wp\/v2\/pages\/58\/revisions\/7027"}],"up":[{"embeddable":true,"href":"https:\/\/canetaccueil.com\/index.php\/wp-json\/wp\/v2\/pages\/155"}],"wp:attachment":[{"href":"https:\/\/canetaccueil.com\/index.php\/wp-json\/wp\/v2\/media?parent=58"}],"curies":[{"name":"wp","href":"https:\/\/api.w.org\/{rel}","templated":true}]}}