{"id":60,"date":"2019-08-26T20:55:51","date_gmt":"2019-08-26T18:55:51","guid":{"rendered":"http:\/\/canetaccueil.com\/?page_id=60"},"modified":"2026-03-28T14:27:41","modified_gmt":"2026-03-28T13:27:41","slug":"danse-de-salon","status":"publish","type":"page","link":"https:\/\/canetaccueil.com\/index.php\/activites\/activites-de-loisirs-et-sportives\/danse-de-salon\/","title":{"rendered":"Danse de salon"},"content":{"rendered":"<div class=\"wp-block-image\">\n<figure class=\"alignleft size-full is-resized\"><img loading=\"lazy\" decoding=\"async\" width=\"500\" height=\"342\" src=\"https:\/\/canetaccueil.com\/wp-content\/uploads\/2023\/12\/danse-salon-1.png\" alt=\"\" class=\"wp-image-6978\" style=\"aspect-ratio:1.4619883040935673;width:300px;height:auto\" srcset=\"https:\/\/canetaccueil.com\/wp-content\/uploads\/2023\/12\/danse-salon-1.png 500w, https:\/\/canetaccueil.com\/wp-content\/uploads\/2023\/12\/danse-salon-1-300x205.png 300w\" sizes=\"auto, (max-width: 500px) 100vw, 500px\" \/><\/figure>\n<\/div>\n\n<p>Coordinatrice : <br \/><strong>Giovannina d&#8217;ANGELO &#8211; T\u00e9l. 04 68 50 54 77<\/strong><\/p>\n<p>2 cours : d\u00e9butants\/moyens\/avanc\u00e9s<br \/>Les lundis de 19h \u00e0 21h30 au foyer Moudat<br \/>Les jeudis de 18h \u00e0\u00a021h30\u00a0au foyer Moudat<\/p>\n<h5><strong><span style=\"color: #ff0000;\">Certificat m\u00e9dical obligatoire<\/span><\/strong><\/h5>","protected":false},"excerpt":{"rendered":"<p>Coordinatrice : Giovannina d&#8217;ANGELO &#8211; T\u00e9l. 04 68 50 54 77 2 cours : d\u00e9butants\/moyens\/avanc\u00e9sLes lundis de 19h \u00e0 21h30 au foyer MoudatLes jeudis de 18h \u00e0\u00a021h30\u00a0au foyer Moudat Certificat m\u00e9dical obligatoire<\/p>\n","protected":false},"author":31,"featured_media":0,"parent":155,"menu_order":0,"comment_status":"closed","ping_status":"closed","template":"","meta":{"footnotes":""},"class_list":["post-60","page","type-page","status-publish","hentry"],"_links":{"self":[{"href":"https:\/\/canetaccueil.com\/index.php\/wp-json\/wp\/v2\/pages\/60","targetHints":{"allow":["GET"]}}],"collection":[{"href":"https:\/\/canetaccueil.com\/index.php\/wp-json\/wp\/v2\/pages"}],"about":[{"href":"https:\/\/canetaccueil.com\/index.php\/wp-json\/wp\/v2\/types\/page"}],"author":[{"embeddable":true,"href":"https:\/\/canetaccueil.com\/index.php\/wp-json\/wp\/v2\/users\/31"}],"replies":[{"embeddable":true,"href":"https:\/\/canetaccueil.com\/index.php\/wp-json\/wp\/v2\/comments?post=60"}],"version-history":[{"count":13,"href":"https:\/\/canetaccueil.com\/index.php\/wp-json\/wp\/v2\/pages\/60\/revisions"}],"predecessor-version":[{"id":11212,"href":"https:\/\/canetaccueil.com\/index.php\/wp-json\/wp\/v2\/pages\/60\/revisions\/11212"}],"up":[{"embeddable":true,"href":"https:\/\/canetaccueil.com\/index.php\/wp-json\/wp\/v2\/pages\/155"}],"wp:attachment":[{"href":"https:\/\/canetaccueil.com\/index.php\/wp-json\/wp\/v2\/media?parent=60"}],"curies":[{"name":"wp","href":"https:\/\/api.w.org\/{rel}","templated":true}]}}