{"id":62,"date":"2019-08-26T20:57:09","date_gmt":"2019-08-26T18:57:09","guid":{"rendered":"http:\/\/canetaccueil.com\/?page_id=62"},"modified":"2025-08-25T16:06:39","modified_gmt":"2025-08-25T14:06:39","slug":"gymnastique","status":"publish","type":"page","link":"https:\/\/canetaccueil.com\/index.php\/activites\/activites-de-loisirs-et-sportives\/gymnastique\/","title":{"rendered":"Gymnastique"},"content":{"rendered":"<div class=\"wp-block-image\">\n<figure class=\"alignleft size-full is-resized\"><img loading=\"lazy\" decoding=\"async\" width=\"446\" height=\"211\" src=\"https:\/\/canetaccueil.com\/wp-content\/uploads\/2023\/12\/gym.png\" alt=\"\" class=\"wp-image-7028\" style=\"aspect-ratio:1.7674418604651163;width:350px;height:auto\" srcset=\"https:\/\/canetaccueil.com\/wp-content\/uploads\/2023\/12\/gym.png 446w, https:\/\/canetaccueil.com\/wp-content\/uploads\/2023\/12\/gym-300x142.png 300w\" sizes=\"auto, (max-width: 446px) 100vw, 446px\" \/><\/figure>\n<\/div>\n\n<p>Animatrice: <strong>Monique PLANCARD<\/strong><br \/>Le lundi de 11h \u00e0 12h<br \/>Le vendredi de 10h \u00e0 11h<\/p>\n<p>\u00e0 la Colline des Loisirs Europa<\/p>\n<p><strong><span style=\"color: #ff0000;\">Certificat m\u00e9dical obligatoire \u00e0 l&#8217;inscription \u00e0 remettre aux h\u00f4tesses au foyer Moudat<\/span><\/strong><\/p>","protected":false},"excerpt":{"rendered":"<p>Animatrice: Monique PLANCARDLe lundi de 11h \u00e0 12hLe vendredi de 10h \u00e0 11h \u00e0 la Colline des Loisirs Europa Certificat m\u00e9dical obligatoire \u00e0 l&#8217;inscription \u00e0 remettre aux h\u00f4tesses au foyer Moudat<\/p>\n","protected":false},"author":31,"featured_media":0,"parent":155,"menu_order":0,"comment_status":"closed","ping_status":"closed","template":"","meta":{"footnotes":""},"class_list":["post-62","page","type-page","status-publish","hentry"],"_links":{"self":[{"href":"https:\/\/canetaccueil.com\/index.php\/wp-json\/wp\/v2\/pages\/62","targetHints":{"allow":["GET"]}}],"collection":[{"href":"https:\/\/canetaccueil.com\/index.php\/wp-json\/wp\/v2\/pages"}],"about":[{"href":"https:\/\/canetaccueil.com\/index.php\/wp-json\/wp\/v2\/types\/page"}],"author":[{"embeddable":true,"href":"https:\/\/canetaccueil.com\/index.php\/wp-json\/wp\/v2\/users\/31"}],"replies":[{"embeddable":true,"href":"https:\/\/canetaccueil.com\/index.php\/wp-json\/wp\/v2\/comments?post=62"}],"version-history":[{"count":9,"href":"https:\/\/canetaccueil.com\/index.php\/wp-json\/wp\/v2\/pages\/62\/revisions"}],"predecessor-version":[{"id":10431,"href":"https:\/\/canetaccueil.com\/index.php\/wp-json\/wp\/v2\/pages\/62\/revisions\/10431"}],"up":[{"embeddable":true,"href":"https:\/\/canetaccueil.com\/index.php\/wp-json\/wp\/v2\/pages\/155"}],"wp:attachment":[{"href":"https:\/\/canetaccueil.com\/index.php\/wp-json\/wp\/v2\/media?parent=62"}],"curies":[{"name":"wp","href":"https:\/\/api.w.org\/{rel}","templated":true}]}}