{"id":64,"date":"2019-08-26T20:58:00","date_gmt":"2019-08-26T18:58:00","guid":{"rendered":"http:\/\/canetaccueil.com\/?page_id=64"},"modified":"2025-09-03T19:06:53","modified_gmt":"2025-09-03T17:06:53","slug":"yoga","status":"publish","type":"page","link":"https:\/\/canetaccueil.com\/index.php\/activites\/activites-de-loisirs-et-sportives\/yoga\/","title":{"rendered":"Yoga"},"content":{"rendered":"<div class=\"wp-block-image\">\n<figure class=\"alignleft is-resized\"><img loading=\"lazy\" decoding=\"async\" width=\"1000\" height=\"330\" src=\"https:\/\/canetaccueil.com\/wp-content\/uploads\/2019\/08\/yoga.jpg\" alt=\"\" class=\"wp-image-215\" style=\"aspect-ratio:3.0303030303030303;width:443px;height:auto\" srcset=\"https:\/\/canetaccueil.com\/wp-content\/uploads\/2019\/08\/yoga.jpg 1000w, https:\/\/canetaccueil.com\/wp-content\/uploads\/2019\/08\/yoga-300x99.jpg 300w, https:\/\/canetaccueil.com\/wp-content\/uploads\/2019\/08\/yoga-768x253.jpg 768w\" sizes=\"auto, (max-width: 1000px) 100vw, 1000px\" \/><\/figure>\n<\/div>\n\n<p>Coordinatrice : <strong>Monique PLANCARD<\/strong><br \/>Le mardi de 11h00 \u00e0 12h00<br \/>Le vendredi de 11h00 \u00e0 12h00<br \/>Colline des loisirs<\/p>\n<p><strong><span style=\"color: #ff0000;\">Certificat m\u00e9dical obligatoire \u00e0 l&#8217;inscription \u00e0 remettre aux h\u00f4tesses au foyer Moudat<\/span><\/strong><\/p>\n<h2>\u00a0<\/h2>","protected":false},"excerpt":{"rendered":"<p>Coordinatrice : Monique PLANCARDLe mardi de 11h00 \u00e0 12h00Le vendredi de 11h00 \u00e0 12h00Colline des loisirs Certificat m\u00e9dical obligatoire \u00e0 l&#8217;inscription \u00e0 remettre aux h\u00f4tesses au foyer Moudat \u00a0<\/p>\n","protected":false},"author":31,"featured_media":0,"parent":155,"menu_order":0,"comment_status":"closed","ping_status":"closed","template":"","meta":{"footnotes":""},"class_list":["post-64","page","type-page","status-publish","hentry"],"_links":{"self":[{"href":"https:\/\/canetaccueil.com\/index.php\/wp-json\/wp\/v2\/pages\/64","targetHints":{"allow":["GET"]}}],"collection":[{"href":"https:\/\/canetaccueil.com\/index.php\/wp-json\/wp\/v2\/pages"}],"about":[{"href":"https:\/\/canetaccueil.com\/index.php\/wp-json\/wp\/v2\/types\/page"}],"author":[{"embeddable":true,"href":"https:\/\/canetaccueil.com\/index.php\/wp-json\/wp\/v2\/users\/31"}],"replies":[{"embeddable":true,"href":"https:\/\/canetaccueil.com\/index.php\/wp-json\/wp\/v2\/comments?post=64"}],"version-history":[{"count":10,"href":"https:\/\/canetaccueil.com\/index.php\/wp-json\/wp\/v2\/pages\/64\/revisions"}],"predecessor-version":[{"id":8589,"href":"https:\/\/canetaccueil.com\/index.php\/wp-json\/wp\/v2\/pages\/64\/revisions\/8589"}],"up":[{"embeddable":true,"href":"https:\/\/canetaccueil.com\/index.php\/wp-json\/wp\/v2\/pages\/155"}],"wp:attachment":[{"href":"https:\/\/canetaccueil.com\/index.php\/wp-json\/wp\/v2\/media?parent=64"}],"curies":[{"name":"wp","href":"https:\/\/api.w.org\/{rel}","templated":true}]}}