{"id":70,"date":"2019-08-26T21:01:29","date_gmt":"2019-08-26T19:01:29","guid":{"rendered":"http:\/\/canetaccueil.com\/?page_id=70"},"modified":"2025-09-03T18:42:43","modified_gmt":"2025-09-03T16:42:43","slug":"aquagym","status":"publish","type":"page","link":"https:\/\/canetaccueil.com\/index.php\/activites\/activites-de-loisirs-et-sportives\/aquagym\/","title":{"rendered":"Aquagym"},"content":{"rendered":"<div class=\"wp-block-image is-resized\">\n<figure class=\"alignright\"><img loading=\"lazy\" decoding=\"async\" width=\"1000\" height=\"330\" src=\"https:\/\/canetaccueil.com\/wp-content\/uploads\/2019\/08\/aquagym.jpg\" alt=\"\" class=\"wp-image-205\" style=\"aspect-ratio:3.0303030303030303;width:439px;height:auto\" srcset=\"https:\/\/canetaccueil.com\/wp-content\/uploads\/2019\/08\/aquagym.jpg 1000w, https:\/\/canetaccueil.com\/wp-content\/uploads\/2019\/08\/aquagym-300x99.jpg 300w, https:\/\/canetaccueil.com\/wp-content\/uploads\/2019\/08\/aquagym-768x253.jpg 768w\" sizes=\"auto, (max-width: 1000px) 100vw, 1000px\" \/><\/figure>\n<\/div>\n\n<h3>Piscine Europa<\/h3>\n<p>Coordinatrice : <strong>Concetta MARTIN &#8211; T\u00e9l 06 15 35 39 82<\/strong><\/p>\n<ul>\n<li>Le lundi 11h30 \u00e0 12h15\u00a0<\/li>\n<\/ul>\n<p>Coordinatrice : <strong>Monique TURBELIN &#8211; T\u00e9l. 06 16 85 64 33<\/strong><\/p>\n<ul>\n<li>Vendredi de 8h30 \u00e0 9h15<\/li>\n<\/ul>\n<p><strong><span style=\"color: #ff0000;\"> Certificat m\u00e9dical obligatoire \u00e0 l&#8217;inscription \u00e0 remettre aux h\u00f4tesses au foyer Moudat <\/span><\/strong><\/p>","protected":false},"excerpt":{"rendered":"<p>Piscine Europa Coordinatrice : Concetta MARTIN &#8211; T\u00e9l 06 15 35 39 82 Le lundi 11h30 \u00e0 12h15\u00a0 Coordinatrice : Monique TURBELIN &#8211; T\u00e9l. 06 16 85 64 33 Vendredi de 8h30 \u00e0 9h15&#46;&#46;&#46;<\/p>\n","protected":false},"author":31,"featured_media":0,"parent":155,"menu_order":0,"comment_status":"closed","ping_status":"closed","template":"","meta":{"footnotes":""},"class_list":["post-70","page","type-page","status-publish","hentry"],"_links":{"self":[{"href":"https:\/\/canetaccueil.com\/index.php\/wp-json\/wp\/v2\/pages\/70","targetHints":{"allow":["GET"]}}],"collection":[{"href":"https:\/\/canetaccueil.com\/index.php\/wp-json\/wp\/v2\/pages"}],"about":[{"href":"https:\/\/canetaccueil.com\/index.php\/wp-json\/wp\/v2\/types\/page"}],"author":[{"embeddable":true,"href":"https:\/\/canetaccueil.com\/index.php\/wp-json\/wp\/v2\/users\/31"}],"replies":[{"embeddable":true,"href":"https:\/\/canetaccueil.com\/index.php\/wp-json\/wp\/v2\/comments?post=70"}],"version-history":[{"count":22,"href":"https:\/\/canetaccueil.com\/index.php\/wp-json\/wp\/v2\/pages\/70\/revisions"}],"predecessor-version":[{"id":10562,"href":"https:\/\/canetaccueil.com\/index.php\/wp-json\/wp\/v2\/pages\/70\/revisions\/10562"}],"up":[{"embeddable":true,"href":"https:\/\/canetaccueil.com\/index.php\/wp-json\/wp\/v2\/pages\/155"}],"wp:attachment":[{"href":"https:\/\/canetaccueil.com\/index.php\/wp-json\/wp\/v2\/media?parent=70"}],"curies":[{"name":"wp","href":"https:\/\/api.w.org\/{rel}","templated":true}]}}