{"id":72,"date":"2019-08-26T21:13:21","date_gmt":"2019-08-26T19:13:21","guid":{"rendered":"http:\/\/canetaccueil.com\/?page_id=72"},"modified":"2026-03-25T09:48:52","modified_gmt":"2026-03-25T08:48:52","slug":"randonnee-rando-sante-marche","status":"publish","type":"page","link":"https:\/\/canetaccueil.com\/index.php\/activites\/activites-de-loisirs-et-sportives\/randonnee-rando-sante-marche\/","title":{"rendered":"Randonn\u00e9e &#8211; Rando-Sant\u00e9\u00ae"},"content":{"rendered":"<div class=\"wp-block-image\">\n<figure class=\"alignleft size-full is-resized\"><img loading=\"lazy\" decoding=\"async\" width=\"626\" height=\"348\" src=\"https:\/\/canetaccueil.com\/wp-content\/uploads\/2023\/12\/rando.jpg\" alt=\"\" class=\"wp-image-7146\" style=\"aspect-ratio:1.7988505747126438;width:397px;height:auto\" srcset=\"https:\/\/canetaccueil.com\/wp-content\/uploads\/2023\/12\/rando.jpg 626w, https:\/\/canetaccueil.com\/wp-content\/uploads\/2023\/12\/rando-300x167.jpg 300w\" sizes=\"auto, (max-width: 626px) 100vw, 626px\" \/><\/figure>\n<\/div>\n\n\n<h2 class=\"wp-block-heading\">Randonn\u00e9e<\/h2>\n\n\n\n<p>Responsable : Michel PERRIN &#8211; T\u00e9l 06 71 89 72 68 <br>5 animateurs brevet\u00e9s (f\u00e9d\u00e9raux)<br>5 animateurs reconnus comp\u00e9tents selon programme des mardis, mercredis, jeudis, vendredis.<br><strong><a href=\"https:\/\/canetaccueil.com\/index.php\/rando-marche-et-marche-nordique\/programme-rando-et-marche\/\">Voir Programmes<\/a><\/strong><\/p>\n\n\n\n<p class=\"has-vivid-red-color has-text-color\">Licence FFRP obligatoire<\/p>\n\n\n\n<p><br><\/p>\n\n\n\n<h2 class=\"wp-block-heading\"> <\/h2>\n\n\n\n<h2 class=\"wp-block-heading\"><\/h2>\n\n\n\n<h2 class=\"wp-block-heading\">Rando-Sant\u00e9  <\/h2>\n\n\n\n<p> 2 animateurs qualifi\u00e9s : Michel FAYEAUX \u2013 Jos\u00e9 VERGNES<br><a href=\"https:\/\/canetaccueil.com\/index.php\/rando-marche-et-marche-nordique\/programme-rando-et-marche\/\"><strong>Voir Programmes<\/strong><\/a><\/p>\n\n\n\n<p class=\"has-vivid-red-color has-text-color\">Licence FFRP obligatoire<br><\/p>\n\n\n\n<p><\/p>\n\n\n<div class=\"wp-block-image\">\n<figure class=\"alignright size-full is-resized\"><img loading=\"lazy\" decoding=\"async\" width=\"626\" height=\"417\" src=\"https:\/\/canetaccueil.com\/wp-content\/uploads\/2023\/12\/marchenordique.jpg\" alt=\"\" class=\"wp-image-7151\" style=\"aspect-ratio:1.501199040767386;width:383px;height:auto\" srcset=\"https:\/\/canetaccueil.com\/wp-content\/uploads\/2023\/12\/marchenordique.jpg 626w, https:\/\/canetaccueil.com\/wp-content\/uploads\/2023\/12\/marchenordique-300x200.jpg 300w\" sizes=\"auto, (max-width: 626px) 100vw, 626px\" \/><\/figure>\n<\/div>\n\n\n<h2 class=\"wp-block-heading\">Marche nordique<\/h2>\n\n\n<p>Animatrice Christel Bachelet 07 68 56 37 31<\/p>\n\n\n<p> Site :  <br><strong><a rel=\"noreferrer noopener\" href=\"https:\/\/canetaccueil.com\/index.php\/rando-marche-et-marche-nordique\/\" target=\"_blank\">Rando Marche et Marche Nordique \u2013 Canet Accueil<\/a>  <\/strong><\/p>\n\n\n\n<p class=\"has-vivid-red-color has-text-color\"> <strong><em>Certificat m\u00e9dical et licence obligatoires <\/em><\/strong><\/p>\n\n\n\n<p><\/p>\n","protected":false},"excerpt":{"rendered":"<p>Randonn\u00e9e Responsable : Michel PERRIN &#8211; T\u00e9l 06 71 89 72 68 5 animateurs brevet\u00e9s (f\u00e9d\u00e9raux)5 animateurs reconnus comp\u00e9tents selon programme des mardis, mercredis, jeudis, vendredis.Voir Programmes Licence FFRP obligatoire Rando-Sant\u00e9 2 animateurs qualifi\u00e9s&#46;&#46;&#46;<\/p>\n","protected":false},"author":31,"featured_media":0,"parent":155,"menu_order":0,"comment_status":"closed","ping_status":"closed","template":"","meta":{"footnotes":""},"class_list":["post-72","page","type-page","status-publish","hentry"],"_links":{"self":[{"href":"https:\/\/canetaccueil.com\/index.php\/wp-json\/wp\/v2\/pages\/72","targetHints":{"allow":["GET"]}}],"collection":[{"href":"https:\/\/canetaccueil.com\/index.php\/wp-json\/wp\/v2\/pages"}],"about":[{"href":"https:\/\/canetaccueil.com\/index.php\/wp-json\/wp\/v2\/types\/page"}],"author":[{"embeddable":true,"href":"https:\/\/canetaccueil.com\/index.php\/wp-json\/wp\/v2\/users\/31"}],"replies":[{"embeddable":true,"href":"https:\/\/canetaccueil.com\/index.php\/wp-json\/wp\/v2\/comments?post=72"}],"version-history":[{"count":29,"href":"https:\/\/canetaccueil.com\/index.php\/wp-json\/wp\/v2\/pages\/72\/revisions"}],"predecessor-version":[{"id":10432,"href":"https:\/\/canetaccueil.com\/index.php\/wp-json\/wp\/v2\/pages\/72\/revisions\/10432"}],"up":[{"embeddable":true,"href":"https:\/\/canetaccueil.com\/index.php\/wp-json\/wp\/v2\/pages\/155"}],"wp:attachment":[{"href":"https:\/\/canetaccueil.com\/index.php\/wp-json\/wp\/v2\/media?parent=72"}],"curies":[{"name":"wp","href":"https:\/\/api.w.org\/{rel}","templated":true}]}}